{"id":8614,"date":"2023-04-29T15:04:06","date_gmt":"2023-04-29T15:04:06","guid":{"rendered":"https:\/\/cabinetfrancoisserres.com\/?page_id=8614"},"modified":"2025-10-28T14:10:00","modified_gmt":"2025-10-28T14:10:00","slug":"attestations-zones-economiques-speciales","status":"publish","type":"page","link":"https:\/\/cabinetfrancoisserres.com\/fr\/attestations-zones-economiques-speciales\/","title":{"rendered":"Attestations zones \u00e9conomiques sp\u00e9ciales"},"content":{"rendered":"\t\t<div data-elementor-type=\"wp-page\" data-elementor-id=\"8614\" class=\"elementor elementor-8614\">\n\t\t\t\t\t\t<section data-wpr-sticky-section=\"yes\" data-wpr-position-type=\"sticky\" data-wpr-position-offset=\"0\" data-wpr-position-location=\"top\" data-wpr-sticky-devices=\"desktop_sticky\" data-wpr-custom-breakpoints=\"\" data-wpr-active-breakpoints=\"mobile_sticky tablet_sticky laptop_sticky desktop_sticky\" data-wpr-z-index=\"50\" data-wpr-sticky-hide=\"\" data-wpr-replace-header=\"\" data-wpr-animation-duration=\"\" data-wpr-sticky-type=\"sticky\" class=\"elementor-section elementor-top-section elementor-element elementor-element-6d25efd wpr-sticky-section-yes elementor-hidden-desktop elementor-hidden-laptop elementor-section-boxed elementor-section-height-default elementor-section-height-default wpr-particle-no wpr-jarallax-no wpr-parallax-no wpr-equal-height-no\" data-id=\"6d25efd\" data-element_type=\"section\" data-e-type=\"section\" data-settings=\"{&quot;background_background&quot;:&quot;classic&quot;,&quot;position_offset&quot;:0,&quot;position_offset_laptop&quot;:0,&quot;position_offset_tablet&quot;:0,&quot;position_offset_mobile&quot;:0}\">\n\t\t\t\t\t\t<div class=\"elementor-container elementor-column-gap-default\">\n\t\t\t\t\t<div class=\"elementor-column elementor-col-50 elementor-top-column elementor-element elementor-element-6c4a106\" data-id=\"6c4a106\" data-element_type=\"column\" data-e-type=\"column\">\n\t\t\t<div class=\"elementor-widget-wrap\">\n\t\t\t\t\t\t\t<\/div>\n\t\t<\/div>\n\t\t\t\t<div class=\"elementor-column elementor-col-50 elementor-top-column elementor-element elementor-element-663338c\" data-id=\"663338c\" data-element_type=\"column\" data-e-type=\"column\">\n\t\t\t<div class=\"elementor-widget-wrap\">\n\t\t\t\t\t\t\t<\/div>\n\t\t<\/div>\n\t\t\t\t\t<\/div>\n\t\t<\/section>\n\t\t\t\t<section class=\"elementor-section elementor-top-section elementor-element elementor-element-db8b833 elementor-hidden-desktop elementor-hidden-laptop elementor-section-boxed elementor-section-height-default elementor-section-height-default wpr-particle-no wpr-jarallax-no wpr-parallax-no wpr-sticky-section-no wpr-equal-height-no\" data-id=\"db8b833\" data-element_type=\"section\" data-e-type=\"section\" data-settings=\"{&quot;background_background&quot;:&quot;classic&quot;}\">\n\t\t\t\t\t\t<div class=\"elementor-container elementor-column-gap-default\">\n\t\t\t\t\t<div class=\"elementor-column elementor-col-50 elementor-top-column elementor-element elementor-element-ad349a0\" data-id=\"ad349a0\" data-element_type=\"column\" data-e-type=\"column\">\n\t\t\t<div class=\"elementor-widget-wrap elementor-element-populated\">\n\t\t\t\t\t\t<div class=\"elementor-element elementor-element-e98ad13 elementor-widget-mobile__width-inherit elementor-widget elementor-widget-heading\" data-id=\"e98ad13\" data-element_type=\"widget\" data-e-type=\"widget\" data-widget_type=\"heading.default\">\n\t\t\t\t<div class=\"elementor-widget-container\">\n\t\t\t\t\t<h2 class=\"elementor-heading-title elementor-size-default\">Attestations Zones \u00c9conomiques Sp\u00e9ciales<\/h2>\t\t\t\t<\/div>\n\t\t\t\t<\/div>\n\t\t\t\t\t<\/div>\n\t\t<\/div>\n\t\t\t\t<div class=\"elementor-column elementor-col-50 elementor-top-column elementor-element elementor-element-cda8ad1\" data-id=\"cda8ad1\" data-element_type=\"column\" data-e-type=\"column\">\n\t\t\t<div class=\"elementor-widget-wrap elementor-element-populated\">\n\t\t\t\t\t\t<div class=\"elementor-element elementor-element-aabc8f1 elementor-hidden-tablet elementor-hidden-mobile elementor-widget-laptop__width-initial elementor-widget elementor-widget-text-editor\" data-id=\"aabc8f1\" data-element_type=\"widget\" data-e-type=\"widget\" data-widget_type=\"text-editor.default\">\n\t\t\t\t<div class=\"elementor-widget-container\">\n\t\t\t\t\t\t\t\t\t<p style=\"text-align: right;\">Fractales africaines<\/p>\t\t\t\t\t\t\t\t<\/div>\n\t\t\t\t<\/div>\n\t\t\t\t\t<\/div>\n\t\t<\/div>\n\t\t\t\t\t<\/div>\n\t\t<\/section>\n\t\t\t\t<section class=\"elementor-section elementor-top-section elementor-element elementor-element-8ff4797 elementor-section-full_width elementor-hidden-tablet elementor-hidden-mobile elementor-section-height-default elementor-section-height-default wpr-particle-no wpr-jarallax-no wpr-parallax-no wpr-equal-height-no\" data-id=\"8ff4797\" data-element_type=\"section\" data-e-type=\"section\" data-settings=\"{&quot;background_background&quot;:&quot;classic&quot;}\">\n\t\t\t\t\t\t<div class=\"elementor-container elementor-column-gap-default\">\n\t\t\t\t\t<div class=\"elementor-column elementor-col-16 elementor-top-column elementor-element elementor-element-3ce8e23\" data-id=\"3ce8e23\" data-element_type=\"column\" data-e-type=\"column\">\n\t\t\t<div class=\"elementor-widget-wrap elementor-element-populated\">\n\t\t\t\t\t\t<div class=\"elementor-element elementor-element-7075258 wpr-logo-position-center elementor-widget elementor-widget-wpr-logo\" data-id=\"7075258\" data-element_type=\"widget\" data-e-type=\"widget\" data-widget_type=\"wpr-logo.default\">\n\t\t\t\t<div class=\"elementor-widget-container\">\n\t\t\t\t\t\t\t\t\n\t\t\t<div class=\"wpr-logo elementor-clearfix\">\n\n\t\t\t\t\t\t\t\t<picture class=\"wpr-logo-image\">\n\t\t\t\t\t\n\t\t\t\t\t\t\t\t\t\t\n\t\t\t\t\t<img data-recalc-dims=\"1\" decoding=\"async\" src=\"https:\/\/i0.wp.com\/cabinetfrancoisserres.com\/wp-content\/uploads\/2022\/12\/Asset-3.png?ssl=1\" alt=\"\">\n\n\t\t\t\t\t\t\t\t\t\t\t<a class=\"wpr-logo-url\" rel=\"home\" aria-label=\"\" href=\"https:\/\/cabinetfrancoisserres.com\/fr\/\"><\/a>\n\t\t\t\t\t\t\t\t\t<\/picture>\n\t\t\t\t\n\t\t\t\t\n\t\t\t\t\t\t\t\t\t<a class=\"wpr-logo-url\" rel=\"home\" aria-label=\"\" href=\"https:\/\/cabinetfrancoisserres.com\/fr\/\"><\/a>\n\t\t\t\t\n\t\t\t<\/div>\n\t\t\t\t\n\t\t\t\t\t\t<\/div>\n\t\t\t\t<\/div>\n\t\t\t\t\t<\/div>\n\t\t<\/div>\n\t\t\t\t<div class=\"elementor-column elementor-col-66 elementor-top-column elementor-element elementor-element-275bbb3\" data-id=\"275bbb3\" data-element_type=\"column\" data-e-type=\"column\">\n\t\t\t<div class=\"elementor-widget-wrap elementor-element-populated\">\n\t\t\t\t\t\t<div class=\"elementor-element elementor-element-faee411 wpr-main-menu-align-right wpr-pointer-none wpr-main-menu-align--laptopleft wpr-main-menu-align--tabletleft wpr-main-menu-align--mobileleft wpr-sub-icon-caret-down wpr-sub-menu-fx-fade wpr-nav-menu-bp-mobile wpr-mobile-menu-full-width wpr-mobile-menu-item-align-center wpr-mobile-toggle-v1 wpr-sub-divider-yes wpr-mobile-divider-yes elementor-widget elementor-widget-wpr-nav-menu\" data-id=\"faee411\" data-element_type=\"widget\" data-e-type=\"widget\" data-settings=\"{&quot;menu_layout&quot;:&quot;horizontal&quot;}\" data-widget_type=\"wpr-nav-menu.default\">\n\t\t\t\t<div class=\"elementor-widget-container\">\n\t\t\t\t\t<nav class=\"wpr-nav-menu-container wpr-nav-menu-horizontal\" data-trigger=\"hover\" data-consider-header=\"\" data-scroll-speed=\"500\"><ul id=\"menu-1-faee411\" class=\"wpr-nav-menu\"><li class=\"menu-item menu-item-type-post_type menu-item-object-page menu-item-home menu-item-6853\"><a href=\"https:\/\/cabinetfrancoisserres.com\/\" class=\"wpr-menu-item wpr-pointer-item\">Accueil<\/a><\/li>\n<li class=\"menu-item menu-item-type-post_type menu-item-object-page menu-item-41\"><a href=\"https:\/\/cabinetfrancoisserres.com\/fr\/expertise\/\" class=\"wpr-menu-item wpr-pointer-item\">Expertise<\/a><\/li>\n<li class=\"menu-item menu-item-type-post_type menu-item-object-page menu-item-42\"><a href=\"https:\/\/cabinetfrancoisserres.com\/fr\/nos-experts\/\" class=\"wpr-menu-item wpr-pointer-item\">Nos experts<\/a><\/li>\n<li class=\"menu-item menu-item-type-post_type menu-item-object-page menu-item-has-children menu-item-8284\"><a aria-haspopup=\"true\" aria-expanded=\"false\" href=\"https:\/\/cabinetfrancoisserres.com\/fr\/attestations-de-bonne-execution\/\" class=\"wpr-menu-item wpr-pointer-item\">Attestations<i class=\"wpr-sub-icon fas\" aria-hidden=\"true\"><\/i><\/a>\n<ul class=\"sub-menu wpr-sub-menu\">\n\t<li class=\"menu-item menu-item-type-post_type menu-item-object-page menu-item-has-children menu-item-8623\"><a aria-haspopup=\"true\" aria-expanded=\"false\" href=\"https:\/\/cabinetfrancoisserres.com\/fr\/attestations-partenariats-public-prives\/\" class=\"wpr-sub-menu-item\">Partenariats Public-Priv\u00e9s<i class=\"wpr-sub-icon fas wpr-sub-icon-rotate\" aria-hidden=\"true\"><\/i><\/a>\n\t<ul class=\"sub-menu wpr-sub-menu\">\n\t\t<li class=\"menu-item menu-item-type-post_type menu-item-object-page menu-item-8899\"><a href=\"https:\/\/cabinetfrancoisserres.com\/fr\/ppp-infrastructures\/\" class=\"wpr-sub-menu-item\">PPP infrastructures<\/a><\/li>\n\t\t<li class=\"menu-item menu-item-type-post_type menu-item-object-page menu-item-8921\"><a href=\"https:\/\/cabinetfrancoisserres.com\/fr\/ppp-energie\/\" class=\"wpr-sub-menu-item\">PPP \u00e9nergie<\/a><\/li>\n\t<\/ul>\n<\/li>\n\t<li class=\"menu-item menu-item-type-post_type menu-item-object-page menu-item-8624\"><a href=\"https:\/\/cabinetfrancoisserres.com\/fr\/attestations-marches-publics\/\" class=\"wpr-sub-menu-item\">March\u00e9s Publics<\/a><\/li>\n\t<li class=\"menu-item menu-item-type-post_type menu-item-object-page menu-item-8625\"><a href=\"https:\/\/cabinetfrancoisserres.com\/fr\/attestations-zones-economiques-speciales\/\" class=\"wpr-sub-menu-item\">Zones \u00c9conomiques Sp\u00e9ciales<\/a><\/li>\n<\/ul>\n<\/li>\n<li class=\"menu-item menu-item-type-post_type menu-item-object-page menu-item-3902\"><a href=\"https:\/\/cabinetfrancoisserres.com\/fr\/forum\/\" class=\"wpr-menu-item wpr-pointer-item\">Forum<\/a><\/li>\n<li class=\"menu-item menu-item-type-post_type menu-item-object-page menu-item-40\"><a href=\"https:\/\/cabinetfrancoisserres.com\/fr\/contact\/\" class=\"wpr-menu-item wpr-pointer-item\">Contact<\/a><\/li>\n<\/ul><\/nav><nav class=\"wpr-mobile-nav-menu-container\"><div class=\"wpr-mobile-toggle-wrap\"><div class=\"wpr-mobile-toggle\"><span class=\"wpr-mobile-toggle-line\"><\/span><span class=\"wpr-mobile-toggle-line\"><\/span><span class=\"wpr-mobile-toggle-line\"><\/span><\/div><\/div><ul id=\"mobile-menu-2-faee411\" class=\"wpr-mobile-nav-menu\"><li class=\"menu-item menu-item-type-post_type menu-item-object-page menu-item-home menu-item-6853\"><a href=\"https:\/\/cabinetfrancoisserres.com\/\" class=\"wpr-mobile-menu-item\">Accueil<\/a><\/li>\n<li class=\"menu-item menu-item-type-post_type menu-item-object-page menu-item-41\"><a href=\"https:\/\/cabinetfrancoisserres.com\/fr\/expertise\/\" class=\"wpr-mobile-menu-item\">Expertise<\/a><\/li>\n<li class=\"menu-item menu-item-type-post_type menu-item-object-page menu-item-42\"><a href=\"https:\/\/cabinetfrancoisserres.com\/fr\/nos-experts\/\" class=\"wpr-mobile-menu-item\">Nos experts<\/a><\/li>\n<li class=\"menu-item menu-item-type-post_type menu-item-object-page menu-item-has-children menu-item-8284\"><a href=\"https:\/\/cabinetfrancoisserres.com\/fr\/attestations-de-bonne-execution\/\" class=\"wpr-mobile-menu-item\">Attestations<svg class=\"si-icon\" xmlns=\"http:\/\/www.w3.org\/2000\/svg\" width=\"32\" height=\"32\" viewBox=\"0 0 32 32\"><path d=\"M24.958 10.483c-0.534-0.534-1.335-0.534-1.868 0l-7.074 7.074-7.074-7.074c-0.534-0.534-1.335-0.534-1.868 0s-0.534 1.335 0 1.868l8.008 8.008c0.267 0.267 0.667 0.4 0.934 0.4s0.667-0.133 0.934-0.4l8.008-8.008c0.534-0.534 0.534-1.335 0-1.868z\"><\/path><\/svg><\/a>\n<ul class=\"sub-menu wpr-sub-menu\">\n\t<li class=\"menu-item menu-item-type-post_type menu-item-object-page menu-item-has-children menu-item-8623\"><a href=\"https:\/\/cabinetfrancoisserres.com\/fr\/attestations-partenariats-public-prives\/\" class=\"wpr-mobile-sub-menu-item\">Partenariats Public-Priv\u00e9s<svg class=\"si-icon\" xmlns=\"http:\/\/www.w3.org\/2000\/svg\" width=\"32\" height=\"32\" viewBox=\"0 0 32 32\"><path d=\"M24.958 10.483c-0.534-0.534-1.335-0.534-1.868 0l-7.074 7.074-7.074-7.074c-0.534-0.534-1.335-0.534-1.868 0s-0.534 1.335 0 1.868l8.008 8.008c0.267 0.267 0.667 0.4 0.934 0.4s0.667-0.133 0.934-0.4l8.008-8.008c0.534-0.534 0.534-1.335 0-1.868z\"><\/path><\/svg><\/a>\n\t<ul class=\"sub-menu wpr-sub-menu\">\n\t\t<li class=\"menu-item menu-item-type-post_type menu-item-object-page menu-item-8899\"><a href=\"https:\/\/cabinetfrancoisserres.com\/fr\/ppp-infrastructures\/\" class=\"wpr-mobile-sub-menu-item\">PPP infrastructures<\/a><\/li>\n\t\t<li class=\"menu-item menu-item-type-post_type menu-item-object-page menu-item-8921\"><a href=\"https:\/\/cabinetfrancoisserres.com\/fr\/ppp-energie\/\" class=\"wpr-mobile-sub-menu-item\">PPP \u00e9nergie<\/a><\/li>\n\t<\/ul>\n<\/li>\n\t<li class=\"menu-item menu-item-type-post_type menu-item-object-page menu-item-8624\"><a href=\"https:\/\/cabinetfrancoisserres.com\/fr\/attestations-marches-publics\/\" class=\"wpr-mobile-sub-menu-item\">March\u00e9s Publics<\/a><\/li>\n\t<li class=\"menu-item menu-item-type-post_type menu-item-object-page menu-item-8625\"><a href=\"https:\/\/cabinetfrancoisserres.com\/fr\/attestations-zones-economiques-speciales\/\" class=\"wpr-mobile-sub-menu-item\">Zones \u00c9conomiques Sp\u00e9ciales<\/a><\/li>\n<\/ul>\n<\/li>\n<li class=\"menu-item menu-item-type-post_type menu-item-object-page menu-item-3902\"><a href=\"https:\/\/cabinetfrancoisserres.com\/fr\/forum\/\" class=\"wpr-mobile-menu-item\">Forum<\/a><\/li>\n<li class=\"menu-item menu-item-type-post_type menu-item-object-page menu-item-40\"><a href=\"https:\/\/cabinetfrancoisserres.com\/fr\/contact\/\" class=\"wpr-mobile-menu-item\">Contact<\/a><\/li>\n<\/ul><\/nav>\t\t\t\t<\/div>\n\t\t\t\t<\/div>\n\t\t\t\t\t<\/div>\n\t\t<\/div>\n\t\t\t\t<div class=\"elementor-column elementor-col-16 elementor-top-column elementor-element elementor-element-cd41b72 elementor-hidden-tablet elementor-hidden-mobile\" data-id=\"cd41b72\" data-element_type=\"column\" data-e-type=\"column\">\n\t\t\t<div class=\"elementor-widget-wrap elementor-element-populated\">\n\t\t\t\t\t\t<div class=\"elementor-element elementor-element-9a661c5 elementor-align-center elementor-widget elementor-widget-button\" data-id=\"9a661c5\" data-element_type=\"widget\" data-e-type=\"widget\" data-widget_type=\"button.default\">\n\t\t\t\t<div class=\"elementor-widget-container\">\n\t\t\t\t\t\t\t\t\t<div class=\"elementor-button-wrapper\">\n\t\t\t\t\t<a class=\"elementor-button elementor-button-link elementor-size-sm\" href=\"https:\/\/cabinetfrancoisserres.com\/contact\">\n\t\t\t\t\t\t<span class=\"elementor-button-content-wrapper\">\n\t\t\t\t\t\t\t\t\t<span class=\"elementor-button-text\">Contactez-nous<\/span>\n\t\t\t\t\t<\/span>\n\t\t\t\t\t<\/a>\n\t\t\t\t<\/div>\n\t\t\t\t\t\t\t\t<\/div>\n\t\t\t\t<\/div>\n\t\t\t\t\t<\/div>\n\t\t<\/div>\n\t\t\t\t\t<\/div>\n\t\t<\/section>\n\t\t\t\t<section class=\"elementor-section elementor-top-section elementor-element elementor-element-4326889 elementor-section-full_width elementor-section-content-middle elementor-hidden-tablet elementor-hidden-mobile elementor-section-height-default elementor-section-height-default wpr-particle-no wpr-jarallax-no wpr-parallax-no wpr-sticky-section-no wpr-equal-height-no\" data-id=\"4326889\" data-element_type=\"section\" data-e-type=\"section\" data-settings=\"{&quot;background_background&quot;:&quot;classic&quot;}\">\n\t\t\t\t\t\t<div class=\"elementor-container elementor-column-gap-default\">\n\t\t\t\t\t<div class=\"elementor-column elementor-col-100 elementor-top-column elementor-element elementor-element-84fd776 animated-slow elementor-invisible\" data-id=\"84fd776\" data-element_type=\"column\" data-e-type=\"column\" data-settings=\"{&quot;animation&quot;:&quot;fadeInDown&quot;}\">\n\t\t\t<div class=\"elementor-widget-wrap elementor-element-populated\">\n\t\t\t\t\t\t<div class=\"elementor-element elementor-element-80a9f5f elementor-widget__width-initial elementor-widget elementor-widget-heading\" data-id=\"80a9f5f\" data-element_type=\"widget\" data-e-type=\"widget\" data-settings=\"{&quot;_animation&quot;:&quot;none&quot;}\" data-widget_type=\"heading.default\">\n\t\t\t\t<div class=\"elementor-widget-container\">\n\t\t\t\t\t<h4 class=\"elementor-heading-title elementor-size-default\">Attestations Zones \u00c9conomiques Sp\u00e9ciales et Agropoles<\/h4>\t\t\t\t<\/div>\n\t\t\t\t<\/div>\n\t\t\t\t\t<\/div>\n\t\t<\/div>\n\t\t\t\t\t<\/div>\n\t\t<\/section>\n\t\t\t\t<section class=\"elementor-section elementor-top-section elementor-element elementor-element-d065780 elementor-section-boxed elementor-section-height-default elementor-section-height-default wpr-particle-no wpr-jarallax-no wpr-parallax-no wpr-sticky-section-no wpr-equal-height-no\" data-id=\"d065780\" data-element_type=\"section\" data-e-type=\"section\">\n\t\t\t\t\t\t<div class=\"elementor-container elementor-column-gap-default\">\n\t\t\t\t\t<div class=\"elementor-column elementor-col-100 elementor-top-column elementor-element elementor-element-9d91af5\" data-id=\"9d91af5\" data-element_type=\"column\" data-e-type=\"column\">\n\t\t\t<div class=\"elementor-widget-wrap elementor-element-populated\">\n\t\t\t\t\t\t<div class=\"elementor-element elementor-element-9bb15ba elementor-widget elementor-widget-spacer\" data-id=\"9bb15ba\" data-element_type=\"widget\" data-e-type=\"widget\" data-widget_type=\"spacer.default\">\n\t\t\t\t<div class=\"elementor-widget-container\">\n\t\t\t\t\t\t\t<div class=\"elementor-spacer\">\n\t\t\t<div class=\"elementor-spacer-inner\"><\/div>\n\t\t<\/div>\n\t\t\t\t\t\t<\/div>\n\t\t\t\t<\/div>\n\t\t\t\t\t<\/div>\n\t\t<\/div>\n\t\t\t\t\t<\/div>\n\t\t<\/section>\n\t\t\t\t<section class=\"elementor-section elementor-top-section elementor-element elementor-element-96a7c01 elementor-section-full_width elementor-section-height-default elementor-section-height-default wpr-particle-no wpr-jarallax-no wpr-parallax-no wpr-sticky-section-no wpr-equal-height-no\" data-id=\"96a7c01\" data-element_type=\"section\" data-e-type=\"section\">\n\t\t\t\t\t\t<div class=\"elementor-container elementor-column-gap-default\">\n\t\t\t\t\t<div class=\"elementor-column elementor-col-100 elementor-top-column elementor-element elementor-element-8614dd2\" data-id=\"8614dd2\" data-element_type=\"column\" data-e-type=\"column\">\n\t\t\t<div class=\"elementor-widget-wrap elementor-element-populated\">\n\t\t\t\t\t\t<div class=\"elementor-element elementor-element-bcd67d4 elementor-widget__width-inherit elementor-widget-laptop__width-initial elementor-widget elementor-widget-html\" data-id=\"bcd67d4\" data-element_type=\"widget\" data-e-type=\"widget\" data-widget_type=\"html.default\">\n\t\t\t\t<div class=\"elementor-widget-container\">\n\t\t\t\t\t<embed src=\"https:\/\/cabinetfrancoisserres.com\/wp-content\/uploads\/2025\/10\/ABE-ZES.pdf\" type=\"application\/pdf\" width=\"600\" height=\"1200\"><\/embed>\t\t\t\t<\/div>\n\t\t\t\t<\/div>\n\t\t\t\t\t<\/div>\n\t\t<\/div>\n\t\t\t\t\t<\/div>\n\t\t<\/section>\n\t\t\t\t<section class=\"elementor-section elementor-top-section elementor-element elementor-element-32c7fa2 elementor-section-boxed elementor-section-height-default elementor-section-height-default wpr-particle-no wpr-jarallax-no wpr-parallax-no wpr-sticky-section-no wpr-equal-height-no\" data-id=\"32c7fa2\" data-element_type=\"section\" data-e-type=\"section\">\n\t\t\t\t\t\t<div class=\"elementor-container elementor-column-gap-default\">\n\t\t\t\t\t<div class=\"elementor-column elementor-col-100 elementor-top-column elementor-element elementor-element-e68516d\" data-id=\"e68516d\" data-element_type=\"column\" data-e-type=\"column\">\n\t\t\t<div class=\"elementor-widget-wrap elementor-element-populated\">\n\t\t\t\t\t\t<div class=\"elementor-element elementor-element-6f5ec57 elementor-widget elementor-widget-spacer\" data-id=\"6f5ec57\" data-element_type=\"widget\" data-e-type=\"widget\" data-widget_type=\"spacer.default\">\n\t\t\t\t<div class=\"elementor-widget-container\">\n\t\t\t\t\t\t\t<div class=\"elementor-spacer\">\n\t\t\t<div class=\"elementor-spacer-inner\"><\/div>\n\t\t<\/div>\n\t\t\t\t\t\t<\/div>\n\t\t\t\t<\/div>\n\t\t\t\t\t<\/div>\n\t\t<\/div>\n\t\t\t\t\t<\/div>\n\t\t<\/section>\n\t\t\t\t<\/div>\n\t\t","protected":false},"excerpt":{"rendered":"<p>Attestations Zones \u00c9conomiques Sp\u00e9ciales Fractales africaines Accueil Expertise Nos experts Attestations Partenariats Public-Priv\u00e9s PPP infrastructures PPP \u00e9nergie March\u00e9s Publics Zones \u00c9conomiques Sp\u00e9ciales Agropoles Forum Contact Accueil Expertise Nos experts Attestations&hellip;<\/p>\n","protected":false},"author":1,"featured_media":0,"parent":0,"menu_order":0,"comment_status":"closed","ping_status":"closed","template":"elementor_canvas","meta":{"footnotes":""},"class_list":["post-8614","page","type-page","status-publish","hentry"],"jetpack_sharing_enabled":true,"_links":{"self":[{"href":"https:\/\/cabinetfrancoisserres.com\/fr\/wp-json\/wp\/v2\/pages\/8614","targetHints":{"allow":["GET"]}}],"collection":[{"href":"https:\/\/cabinetfrancoisserres.com\/fr\/wp-json\/wp\/v2\/pages"}],"about":[{"href":"https:\/\/cabinetfrancoisserres.com\/fr\/wp-json\/wp\/v2\/types\/page"}],"author":[{"embeddable":true,"href":"https:\/\/cabinetfrancoisserres.com\/fr\/wp-json\/wp\/v2\/users\/1"}],"replies":[{"embeddable":true,"href":"https:\/\/cabinetfrancoisserres.com\/fr\/wp-json\/wp\/v2\/comments?post=8614"}],"version-history":[{"count":20,"href":"https:\/\/cabinetfrancoisserres.com\/fr\/wp-json\/wp\/v2\/pages\/8614\/revisions"}],"predecessor-version":[{"id":14325,"href":"https:\/\/cabinetfrancoisserres.com\/fr\/wp-json\/wp\/v2\/pages\/8614\/revisions\/14325"}],"wp:attachment":[{"href":"https:\/\/cabinetfrancoisserres.com\/fr\/wp-json\/wp\/v2\/media?parent=8614"}],"curies":[{"name":"wp","href":"https:\/\/api.w.org\/{rel}","templated":true}]}}