{"id":4200,"date":"2023-01-25T10:51:07","date_gmt":"2023-01-25T10:51:07","guid":{"rendered":"https:\/\/cabinetfrancoisserres.com\/forgot\/"},"modified":"2024-06-13T10:49:13","modified_gmt":"2024-06-13T10:49:13","slug":"mot-de-passe-oublie","status":"publish","type":"page","link":"https:\/\/cabinetfrancoisserres.com\/en\/mot-de-passe-oublie\/","title":{"rendered":"Mot de passe oubli\u00e9"},"content":{"rendered":"<div data-elementor-type=\"wp-page\" data-elementor-id=\"4200\" class=\"elementor elementor-4200\">\n\t\t\t\t\t\t<section class=\"elementor-section elementor-top-section elementor-element elementor-element-fb7fa72 elementor-section-full_width elementor-section-height-default elementor-section-height-default wpr-particle-no wpr-jarallax-no wpr-parallax-no wpr-equal-height-no\" data-id=\"fb7fa72\" data-element_type=\"section\" data-e-type=\"section\" data-settings=\"{&quot;background_background&quot;:&quot;classic&quot;}\">\n\t\t\t\t\t\t<div class=\"elementor-container elementor-column-gap-default\">\n\t\t\t\t\t<div class=\"elementor-column elementor-col-16 elementor-top-column elementor-element elementor-element-d696706\" data-id=\"d696706\" data-element_type=\"column\" data-e-type=\"column\">\n\t\t\t<div class=\"elementor-widget-wrap elementor-element-populated\">\n\t\t\t\t\t\t<div class=\"elementor-element elementor-element-5d8236e wpr-logo-position-center elementor-widget elementor-widget-wpr-logo\" data-id=\"5d8236e\" data-element_type=\"widget\" data-e-type=\"widget\" data-widget_type=\"wpr-logo.default\">\n\t\t\t\t<div class=\"elementor-widget-container\">\n\t\t\t\t\t\t\t\t\n\t\t\t<div class=\"wpr-logo elementor-clearfix\">\n\n\t\t\t\t\t\t\t\t<picture class=\"wpr-logo-image\">\n\t\t\t\t\t\n\t\t\t\t\t\t\t\t\t\t\n\t\t\t\t\t<img data-recalc-dims=\"1\" decoding=\"async\" src=\"https:\/\/i0.wp.com\/cabinetfrancoisserres.com\/wp-content\/uploads\/2022\/12\/Asset-3.png?ssl=1\" alt=\"\">\n\n\t\t\t\t\t\t\t\t\t\t\t<a class=\"wpr-logo-url\" rel=\"home\" aria-label=\"\" href=\"https:\/\/cabinetfrancoisserres.com\/en\/\"><\/a>\n\t\t\t\t\t\t\t\t\t<\/picture>\n\t\t\t\t\n\t\t\t\t\n\t\t\t\t\t\t\t\t\t<a class=\"wpr-logo-url\" rel=\"home\" aria-label=\"\" href=\"https:\/\/cabinetfrancoisserres.com\/en\/\"><\/a>\n\t\t\t\t\n\t\t\t<\/div>\n\t\t\t\t\n\t\t\t\t\t\t<\/div>\n\t\t\t\t<\/div>\n\t\t\t\t\t<\/div>\n\t\t<\/div>\n\t\t\t\t<div class=\"elementor-column elementor-col-66 elementor-top-column elementor-element elementor-element-5a0f4da\" data-id=\"5a0f4da\" data-element_type=\"column\" data-e-type=\"column\">\n\t\t\t<div class=\"elementor-widget-wrap elementor-element-populated\">\n\t\t\t\t\t\t<div class=\"elementor-element elementor-element-22c0075 wpr-main-menu-align-right wpr-pointer-none wpr-main-menu-align--laptopleft wpr-main-menu-align--tabletleft wpr-main-menu-align--mobileleft wpr-sub-icon-caret-down wpr-sub-menu-fx-fade wpr-nav-menu-bp-mobile wpr-mobile-menu-full-width wpr-mobile-menu-item-align-center wpr-mobile-toggle-v1 wpr-sub-divider-yes wpr-mobile-divider-yes elementor-widget elementor-widget-wpr-nav-menu\" data-id=\"22c0075\" data-element_type=\"widget\" data-e-type=\"widget\" data-settings=\"{&quot;menu_layout&quot;:&quot;horizontal&quot;}\" data-widget_type=\"wpr-nav-menu.default\">\n\t\t\t\t<div class=\"elementor-widget-container\">\n\t\t\t\t\t<nav class=\"wpr-nav-menu-container wpr-nav-menu-horizontal\" data-trigger=\"hover\" data-consider-header=\"\" data-scroll-speed=\"500\"><ul id=\"menu-1-22c0075\" class=\"wpr-nav-menu\"><li class=\"menu-item menu-item-type-post_type menu-item-object-page menu-item-6853\"><a href=\"https:\/\/cabinetfrancoisserres.com\/en\/\" class=\"wpr-menu-item wpr-pointer-item\">Home<\/a><\/li>\n<li class=\"menu-item menu-item-type-post_type menu-item-object-page menu-item-41\"><a href=\"https:\/\/cabinetfrancoisserres.com\/en\/expertise\/\" class=\"wpr-menu-item wpr-pointer-item\">Expertise<\/a><\/li>\n<li class=\"menu-item menu-item-type-post_type menu-item-object-page menu-item-42\"><a href=\"https:\/\/cabinetfrancoisserres.com\/en\/nos-experts\/\" class=\"wpr-menu-item wpr-pointer-item\">Our Experts<\/a><\/li>\n<li class=\"menu-item menu-item-type-post_type menu-item-object-page menu-item-has-children menu-item-8284\"><a aria-haspopup=\"true\" aria-expanded=\"false\" href=\"https:\/\/cabinetfrancoisserres.com\/en\/attestations-de-bonne-execution\/\" class=\"wpr-menu-item wpr-pointer-item\">Certifications<i class=\"wpr-sub-icon fas\" aria-hidden=\"true\"><\/i><\/a>\n<ul class=\"sub-menu wpr-sub-menu\">\n\t<li class=\"menu-item menu-item-type-post_type menu-item-object-page menu-item-has-children menu-item-8623\"><a aria-haspopup=\"true\" aria-expanded=\"false\" href=\"https:\/\/cabinetfrancoisserres.com\/en\/attestations-partenariats-public-prives\/\" class=\"wpr-sub-menu-item\">Public-Private Partnerships<i class=\"wpr-sub-icon fas wpr-sub-icon-rotate\" aria-hidden=\"true\"><\/i><\/a>\n\t<ul class=\"sub-menu wpr-sub-menu\">\n\t\t<li class=\"menu-item menu-item-type-post_type menu-item-object-page menu-item-8899\"><a href=\"https:\/\/cabinetfrancoisserres.com\/en\/ppp-infrastructures\/\" class=\"wpr-sub-menu-item\">PPP infrastructures<\/a><\/li>\n\t\t<li class=\"menu-item menu-item-type-post_type menu-item-object-page menu-item-8921\"><a href=\"https:\/\/cabinetfrancoisserres.com\/en\/ppp-energie\/\" class=\"wpr-sub-menu-item\">PPP energy<\/a><\/li>\n\t<\/ul>\n<\/li>\n\t<li class=\"menu-item menu-item-type-post_type menu-item-object-page menu-item-8624\"><a href=\"https:\/\/cabinetfrancoisserres.com\/en\/attestations-marches-publics\/\" class=\"wpr-sub-menu-item\">Public procurement<\/a><\/li>\n\t<li class=\"menu-item menu-item-type-post_type menu-item-object-page menu-item-8625\"><a href=\"https:\/\/cabinetfrancoisserres.com\/en\/attestations-zones-economiques-speciales\/\" class=\"wpr-sub-menu-item\">Special Economic Zones<\/a><\/li>\n<\/ul>\n<\/li>\n<li class=\"menu-item menu-item-type-post_type menu-item-object-page menu-item-3902\"><a href=\"https:\/\/cabinetfrancoisserres.com\/en\/forum\/\" class=\"wpr-menu-item wpr-pointer-item\">Forum<\/a><\/li>\n<li class=\"menu-item menu-item-type-post_type menu-item-object-page menu-item-40\"><a href=\"https:\/\/cabinetfrancoisserres.com\/en\/contact\/\" class=\"wpr-menu-item wpr-pointer-item\">Contact<\/a><\/li>\n<\/ul><\/nav><nav class=\"wpr-mobile-nav-menu-container\"><div class=\"wpr-mobile-toggle-wrap\"><div class=\"wpr-mobile-toggle\"><span class=\"wpr-mobile-toggle-line\"><\/span><span class=\"wpr-mobile-toggle-line\"><\/span><span class=\"wpr-mobile-toggle-line\"><\/span><\/div><\/div><ul id=\"mobile-menu-2-22c0075\" class=\"wpr-mobile-nav-menu\"><li class=\"menu-item menu-item-type-post_type menu-item-object-page menu-item-6853\"><a href=\"https:\/\/cabinetfrancoisserres.com\/en\/\" class=\"wpr-mobile-menu-item\">Home<\/a><\/li>\n<li class=\"menu-item menu-item-type-post_type menu-item-object-page menu-item-41\"><a href=\"https:\/\/cabinetfrancoisserres.com\/en\/expertise\/\" class=\"wpr-mobile-menu-item\">Expertise<\/a><\/li>\n<li class=\"menu-item menu-item-type-post_type menu-item-object-page menu-item-42\"><a href=\"https:\/\/cabinetfrancoisserres.com\/en\/nos-experts\/\" class=\"wpr-mobile-menu-item\">Our Experts<\/a><\/li>\n<li class=\"menu-item menu-item-type-post_type menu-item-object-page menu-item-has-children menu-item-8284\"><a href=\"https:\/\/cabinetfrancoisserres.com\/en\/attestations-de-bonne-execution\/\" class=\"wpr-mobile-menu-item\">Certifications<svg class=\"si-icon\" xmlns=\"http:\/\/www.w3.org\/2000\/svg\" width=\"32\" height=\"32\" viewbox=\"0 0 32 32\"><path d=\"M24.958 10.483c-0.534-0.534-1.335-0.534-1.868 0l-7.074 7.074-7.074-7.074c-0.534-0.534-1.335-0.534-1.868 0s-0.534 1.335 0 1.868l8.008 8.008c0.267 0.267 0.667 0.4 0.934 0.4s0.667-0.133 0.934-0.4l8.008-8.008c0.534-0.534 0.534-1.335 0-1.868z\"><\/path><\/svg><\/a>\n<ul class=\"sub-menu wpr-sub-menu\">\n\t<li class=\"menu-item menu-item-type-post_type menu-item-object-page menu-item-has-children menu-item-8623\"><a href=\"https:\/\/cabinetfrancoisserres.com\/en\/attestations-partenariats-public-prives\/\" class=\"wpr-mobile-sub-menu-item\">Public-Private Partnerships<svg class=\"si-icon\" xmlns=\"http:\/\/www.w3.org\/2000\/svg\" width=\"32\" height=\"32\" viewbox=\"0 0 32 32\"><path d=\"M24.958 10.483c-0.534-0.534-1.335-0.534-1.868 0l-7.074 7.074-7.074-7.074c-0.534-0.534-1.335-0.534-1.868 0s-0.534 1.335 0 1.868l8.008 8.008c0.267 0.267 0.667 0.4 0.934 0.4s0.667-0.133 0.934-0.4l8.008-8.008c0.534-0.534 0.534-1.335 0-1.868z\"><\/path><\/svg><\/a>\n\t<ul class=\"sub-menu wpr-sub-menu\">\n\t\t<li class=\"menu-item menu-item-type-post_type menu-item-object-page menu-item-8899\"><a href=\"https:\/\/cabinetfrancoisserres.com\/en\/ppp-infrastructures\/\" class=\"wpr-mobile-sub-menu-item\">PPP infrastructures<\/a><\/li>\n\t\t<li class=\"menu-item menu-item-type-post_type menu-item-object-page menu-item-8921\"><a href=\"https:\/\/cabinetfrancoisserres.com\/en\/ppp-energie\/\" class=\"wpr-mobile-sub-menu-item\">PPP energy<\/a><\/li>\n\t<\/ul>\n<\/li>\n\t<li class=\"menu-item menu-item-type-post_type menu-item-object-page menu-item-8624\"><a href=\"https:\/\/cabinetfrancoisserres.com\/en\/attestations-marches-publics\/\" class=\"wpr-mobile-sub-menu-item\">Public procurement<\/a><\/li>\n\t<li class=\"menu-item menu-item-type-post_type menu-item-object-page menu-item-8625\"><a href=\"https:\/\/cabinetfrancoisserres.com\/en\/attestations-zones-economiques-speciales\/\" class=\"wpr-mobile-sub-menu-item\">Special Economic Zones<\/a><\/li>\n<\/ul>\n<\/li>\n<li class=\"menu-item menu-item-type-post_type menu-item-object-page menu-item-3902\"><a href=\"https:\/\/cabinetfrancoisserres.com\/en\/forum\/\" class=\"wpr-mobile-menu-item\">Forum<\/a><\/li>\n<li class=\"menu-item menu-item-type-post_type menu-item-object-page menu-item-40\"><a href=\"https:\/\/cabinetfrancoisserres.com\/en\/contact\/\" class=\"wpr-mobile-menu-item\">Contact<\/a><\/li>\n<\/ul><\/nav>\t\t\t\t<\/div>\n\t\t\t\t<\/div>\n\t\t\t\t\t<\/div>\n\t\t<\/div>\n\t\t\t\t<div class=\"elementor-column elementor-col-16 elementor-top-column elementor-element elementor-element-03ba08f elementor-hidden-tablet elementor-hidden-phone\" data-id=\"03ba08f\" data-element_type=\"column\" data-e-type=\"column\">\n\t\t\t<div class=\"elementor-widget-wrap elementor-element-populated\">\n\t\t\t\t\t\t<div class=\"elementor-element elementor-element-ecd1739 elementor-align-center elementor-widget elementor-widget-button\" data-id=\"ecd1739\" data-element_type=\"widget\" data-e-type=\"widget\" data-widget_type=\"button.default\">\n\t\t\t\t<div class=\"elementor-widget-container\">\n\t\t\t\t\t\t\t\t\t<div class=\"elementor-button-wrapper\">\n\t\t\t\t\t<a class=\"elementor-button elementor-button-link elementor-size-sm\" href=\"https:\/\/cabinetfrancoisserres.com\/en\/contact\/\">\n\t\t\t\t\t\t<span class=\"elementor-button-content-wrapper\">\n\t\t\t\t\t\t\t\t\t<span class=\"elementor-button-text\">Contactez-nous<\/span>\n\t\t\t\t\t<\/span>\n\t\t\t\t\t<\/a>\n\t\t\t\t<\/div>\n\t\t\t\t\t\t\t\t<\/div>\n\t\t\t\t<\/div>\n\t\t\t\t\t<\/div>\n\t\t<\/div>\n\t\t\t\t\t<\/div>\n\t\t<\/section>\n\t\t\t\t<section class=\"elementor-section elementor-top-section elementor-element elementor-element-e3b6ef5 elementor-section-full_width elementor-section-content-middle elementor-section-height-default elementor-section-height-default wpr-particle-no wpr-jarallax-no wpr-parallax-no wpr-sticky-section-no wpr-equal-height-no\" data-id=\"e3b6ef5\" data-element_type=\"section\" data-e-type=\"section\" data-settings=\"{&quot;background_background&quot;:&quot;classic&quot;}\">\n\t\t\t\t\t\t<div class=\"elementor-container elementor-column-gap-default\">\n\t\t\t\t\t<div class=\"elementor-column elementor-col-100 elementor-top-column elementor-element elementor-element-ec90a92 animated-slow elementor-invisible\" data-id=\"ec90a92\" data-element_type=\"column\" data-e-type=\"column\" data-settings=\"{&quot;animation&quot;:&quot;fadeInDown&quot;}\">\n\t\t\t<div class=\"elementor-widget-wrap elementor-element-populated\">\n\t\t\t\t\t\t<div class=\"elementor-element elementor-element-b2cfd2f elementor-widget__width-initial elementor-widget elementor-widget-heading\" data-id=\"b2cfd2f\" data-element_type=\"widget\" data-e-type=\"widget\" data-settings=\"{&quot;_animation&quot;:&quot;none&quot;}\" data-widget_type=\"heading.default\">\n\t\t\t\t<div class=\"elementor-widget-container\">\n\t\t\t\t\t<h4 class=\"elementor-heading-title elementor-size-default\">Mot de passe oubli\u00e9<\/h4>\t\t\t\t<\/div>\n\t\t\t\t<\/div>\n\t\t\t\t\t<\/div>\n\t\t<\/div>\n\t\t\t\t\t<\/div>\n\t\t<\/section>\n\t\t\t\t<section class=\"elementor-section elementor-top-section elementor-element elementor-element-9ab23da elementor-section-boxed elementor-section-height-default elementor-section-height-default wpr-particle-no wpr-jarallax-no wpr-parallax-no wpr-sticky-section-no wpr-equal-height-no\" data-id=\"9ab23da\" data-element_type=\"section\" data-e-type=\"section\">\n\t\t\t\t\t\t<div class=\"elementor-container elementor-column-gap-default\">\n\t\t\t\t\t<div class=\"elementor-column elementor-col-100 elementor-top-column elementor-element elementor-element-4188afe9\" data-id=\"4188afe9\" data-element_type=\"column\" data-e-type=\"column\">\n\t\t\t<div class=\"elementor-widget-wrap elementor-element-populated\">\n\t\t\t\t\t\t<div class=\"elementor-element elementor-element-1e838984 elementor-widget elementor-widget-shortcode\" data-id=\"1e838984\" data-element_type=\"widget\" data-e-type=\"widget\" data-widget_type=\"shortcode.default\">\n\t\t\t\t<div class=\"elementor-widget-container\">\n\t\t\t\t\t\t\t<div class=\"elementor-shortcode\"><div class=\"uwp-forgot-class bsui sdel-dcccbc9f\" ><div class=\"uwp_widgets uwp_widget_forgot\"><div class=\"uwp_page\">\t<div class=\"row\">\n\t\t<div class=\"card mx-auto container-fluid p-0 border-0\" >\n\t\t\t\t\t\t<div class=\"card-body\">\n\t\t\t\t<h3 class=\"card-title text-center mb-4\">Forgot Password?<\/h3>\n\t\t\t\t\n\t\t\t\t<form class=\"uwp-forgot-form uwp_form\" method=\"post\" action=\"\">\n\n\t\t\t\t\t<div data-argument=\"email\" class=\"form-group\" ><label for=\"email\" class=\"sr-only\">Email <span class=\"text-danger\">*<\/span><\/label><input type=\"email\"  name=\"email\"  id=\"email\"  placeholder=\"Email *\"  title=\"Email\"  required class=\"form-control\" ><\/div><input type=\"hidden\" name=\"uwp_forgot_nonce\" value=\"5a1a1ae1f8\" \/><button type=\"submit\"  name=\"uwp_forgot_submit\"  class=\"btn btn-primary btn-block text-uppercase uwp_forgot_submit\"  >Submit<\/button>\n\n\t\t\t\t\t<div class=\"uwp-footer-links\">\n\t\t\t\t\t\t<div class=\"uwp-footer-link float-left\">\n\t\t\t\t\t\t\t<a href=\"https:\/\/cabinetfrancoisserres.com\/en\/connexion\/\" class=\"d-block text-center mt-2 small uwp-login-link\"  rel=\"nofollow\"  >Login<\/a>\n\t\t\t\t\t\t<\/div>\n\t\t\t\t\t\t<div class=\"uwp-footer-link float-right\">\n\t\t\t\t\t\t\t<a href=\"https:\/\/cabinetfrancoisserres.com\/en\/compte-2\/\" class=\"d-block text-center mt-2 small uwp-register-link\"  rel=\"nofollow\"  >Create account<\/a>\n\t\t\t\t\t\t<\/div>\n\t\t\t\t\t<\/div>\n\n\t\t\t\t<input type=\"hidden\" name=\"trp-form-language\" value=\"en\"\/><\/form>\n\n\t\t\t<\/div>\n\t\t<\/div>\n\t<\/div>\n<\/div><\/div><\/div><\/div>\n\t\t\t\t\t\t<\/div>\n\t\t\t\t<\/div>\n\t\t\t\t\t<\/div>\n\t\t<\/div>\n\t\t\t\t\t<\/div>\n\t\t<\/section>\n\t\t\t\t<\/div>","protected":false},"excerpt":{"rendered":"<p>Accueil Expertise Nos experts Attestations Partenariats Public-Priv\u00e9s PPP infrastructures PPP \u00e9nergie March\u00e9s Publics Zones \u00c9conomiques Sp\u00e9ciales Agropoles Forum Contact Accueil Expertise Nos experts Attestations Partenariats Public-Priv\u00e9s PPP infrastructures PPP \u00e9nergie&hellip;<\/p>","protected":false},"author":1,"featured_media":0,"parent":0,"menu_order":0,"comment_status":"closed","ping_status":"closed","template":"elementor_canvas","meta":{"footnotes":""},"class_list":["post-4200","page","type-page","status-publish","hentry"],"jetpack_sharing_enabled":true,"_links":{"self":[{"href":"https:\/\/cabinetfrancoisserres.com\/en\/wp-json\/wp\/v2\/pages\/4200","targetHints":{"allow":["GET"]}}],"collection":[{"href":"https:\/\/cabinetfrancoisserres.com\/en\/wp-json\/wp\/v2\/pages"}],"about":[{"href":"https:\/\/cabinetfrancoisserres.com\/en\/wp-json\/wp\/v2\/types\/page"}],"author":[{"embeddable":true,"href":"https:\/\/cabinetfrancoisserres.com\/en\/wp-json\/wp\/v2\/users\/1"}],"replies":[{"embeddable":true,"href":"https:\/\/cabinetfrancoisserres.com\/en\/wp-json\/wp\/v2\/comments?post=4200"}],"version-history":[{"count":5,"href":"https:\/\/cabinetfrancoisserres.com\/en\/wp-json\/wp\/v2\/pages\/4200\/revisions"}],"predecessor-version":[{"id":13313,"href":"https:\/\/cabinetfrancoisserres.com\/en\/wp-json\/wp\/v2\/pages\/4200\/revisions\/13313"}],"wp:attachment":[{"href":"https:\/\/cabinetfrancoisserres.com\/en\/wp-json\/wp\/v2\/media?parent=4200"}],"curies":[{"name":"wp","href":"https:\/\/api.w.org\/{rel}","templated":true}]}}