{"id":4194,"date":"2023-01-25T10:50:58","date_gmt":"2023-01-25T10:50:58","guid":{"rendered":"https:\/\/cabinetfrancoisserres.com\/register\/"},"modified":"2024-06-11T23:14:57","modified_gmt":"2024-06-11T23:14:57","slug":"compte-2","status":"publish","type":"page","link":"https:\/\/cabinetfrancoisserres.com\/en\/compte-2\/","title":{"rendered":"Cr\u00e9ez votre compte"},"content":{"rendered":"\t\t<div data-elementor-type=\"wp-page\" data-elementor-id=\"4194\" class=\"elementor elementor-4194\">\n\t\t\t\t\t\t<section class=\"elementor-section elementor-top-section elementor-element elementor-element-f17bcbf elementor-section-full_width elementor-section-height-default elementor-section-height-default wpr-particle-no wpr-jarallax-no wpr-parallax-no wpr-equal-height-no\" data-id=\"f17bcbf\" data-element_type=\"section\" data-e-type=\"section\" data-settings=\"{&quot;background_background&quot;:&quot;classic&quot;}\">\n\t\t\t\t\t\t<div class=\"elementor-container elementor-column-gap-default\">\n\t\t\t\t\t<div class=\"elementor-column elementor-col-16 elementor-top-column elementor-element elementor-element-c380359\" data-id=\"c380359\" data-element_type=\"column\" data-e-type=\"column\">\n\t\t\t<div class=\"elementor-widget-wrap elementor-element-populated\">\n\t\t\t\t\t\t<div class=\"elementor-element elementor-element-cce871f wpr-logo-position-center elementor-widget elementor-widget-wpr-logo\" data-id=\"cce871f\" data-element_type=\"widget\" data-e-type=\"widget\" data-widget_type=\"wpr-logo.default\">\n\t\t\t\t<div class=\"elementor-widget-container\">\n\t\t\t\t\t\t\t\t\n\t\t\t<div class=\"wpr-logo elementor-clearfix\">\n\n\t\t\t\t\t\t\t\t<picture class=\"wpr-logo-image\">\n\t\t\t\t\t\n\t\t\t\t\t\t\t\t\t\t\n\t\t\t\t\t<img data-recalc-dims=\"1\" decoding=\"async\" src=\"https:\/\/i0.wp.com\/cabinetfrancoisserres.com\/wp-content\/uploads\/2022\/12\/Asset-3.png?ssl=1\" alt=\"\">\n\n\t\t\t\t\t\t\t\t\t\t\t<a class=\"wpr-logo-url\" rel=\"home\" aria-label=\"\" href=\"https:\/\/cabinetfrancoisserres.com\/en\/\"><\/a>\n\t\t\t\t\t\t\t\t\t<\/picture>\n\t\t\t\t\n\t\t\t\t\n\t\t\t\t\t\t\t\t\t<a class=\"wpr-logo-url\" rel=\"home\" aria-label=\"\" href=\"https:\/\/cabinetfrancoisserres.com\/en\/\"><\/a>\n\t\t\t\t\n\t\t\t<\/div>\n\t\t\t\t\n\t\t\t\t\t\t<\/div>\n\t\t\t\t<\/div>\n\t\t\t\t\t<\/div>\n\t\t<\/div>\n\t\t\t\t<div class=\"elementor-column elementor-col-66 elementor-top-column elementor-element elementor-element-3cf1586\" data-id=\"3cf1586\" data-element_type=\"column\" data-e-type=\"column\">\n\t\t\t<div class=\"elementor-widget-wrap elementor-element-populated\">\n\t\t\t\t\t\t<div class=\"elementor-element elementor-element-004911e wpr-main-menu-align-right wpr-pointer-none wpr-main-menu-align--laptopleft wpr-main-menu-align--tabletleft wpr-main-menu-align--mobileleft wpr-sub-icon-caret-down wpr-sub-menu-fx-fade wpr-nav-menu-bp-mobile wpr-mobile-menu-full-width wpr-mobile-menu-item-align-center wpr-mobile-toggle-v1 wpr-sub-divider-yes wpr-mobile-divider-yes elementor-widget elementor-widget-wpr-nav-menu\" data-id=\"004911e\" data-element_type=\"widget\" data-e-type=\"widget\" data-settings=\"{&quot;menu_layout&quot;:&quot;horizontal&quot;}\" data-widget_type=\"wpr-nav-menu.default\">\n\t\t\t\t<div class=\"elementor-widget-container\">\n\t\t\t\t\t<nav class=\"wpr-nav-menu-container wpr-nav-menu-horizontal\" data-trigger=\"hover\" data-consider-header=\"\" data-scroll-speed=\"500\"><ul id=\"menu-1-004911e\" class=\"wpr-nav-menu\"><li class=\"menu-item menu-item-type-post_type menu-item-object-page menu-item-6853\"><a href=\"https:\/\/cabinetfrancoisserres.com\/\" class=\"wpr-menu-item wpr-pointer-item\">Accueil<\/a><\/li>\n<li class=\"menu-item menu-item-type-post_type menu-item-object-page menu-item-41\"><a href=\"https:\/\/cabinetfrancoisserres.com\/expertise\/\" class=\"wpr-menu-item wpr-pointer-item\">Expertise<\/a><\/li>\n<li class=\"menu-item menu-item-type-post_type menu-item-object-page menu-item-42\"><a href=\"https:\/\/cabinetfrancoisserres.com\/nos-experts\/\" class=\"wpr-menu-item wpr-pointer-item\">Nos experts<\/a><\/li>\n<li class=\"menu-item menu-item-type-post_type menu-item-object-page menu-item-has-children menu-item-8284\"><a aria-haspopup=\"true\" aria-expanded=\"false\" href=\"https:\/\/cabinetfrancoisserres.com\/attestations-de-bonne-execution\/\" class=\"wpr-menu-item wpr-pointer-item\">Attestations<i class=\"wpr-sub-icon fas\" aria-hidden=\"true\"><\/i><\/a>\n<ul class=\"sub-menu wpr-sub-menu\">\n\t<li class=\"menu-item menu-item-type-post_type menu-item-object-page menu-item-has-children menu-item-8623\"><a aria-haspopup=\"true\" aria-expanded=\"false\" href=\"https:\/\/cabinetfrancoisserres.com\/attestations-partenariats-public-prives\/\" class=\"wpr-sub-menu-item\">Partenariats Public-Priv\u00e9s<i class=\"wpr-sub-icon fas wpr-sub-icon-rotate\" aria-hidden=\"true\"><\/i><\/a>\n\t<ul class=\"sub-menu wpr-sub-menu\">\n\t\t<li class=\"menu-item menu-item-type-post_type menu-item-object-page menu-item-8899\"><a href=\"https:\/\/cabinetfrancoisserres.com\/ppp-infrastructures\/\" class=\"wpr-sub-menu-item\">PPP infrastructures<\/a><\/li>\n\t\t<li class=\"menu-item menu-item-type-post_type menu-item-object-page menu-item-8921\"><a href=\"https:\/\/cabinetfrancoisserres.com\/ppp-energie\/\" class=\"wpr-sub-menu-item\">PPP \u00e9nergie<\/a><\/li>\n\t<\/ul>\n<\/li>\n\t<li class=\"menu-item menu-item-type-post_type menu-item-object-page menu-item-8624\"><a href=\"https:\/\/cabinetfrancoisserres.com\/attestations-marches-publics\/\" class=\"wpr-sub-menu-item\">March\u00e9s Publics<\/a><\/li>\n\t<li class=\"menu-item menu-item-type-post_type menu-item-object-page menu-item-8625\"><a href=\"https:\/\/cabinetfrancoisserres.com\/attestations-zones-economiques-speciales\/\" class=\"wpr-sub-menu-item\">Zones \u00c9conomiques Sp\u00e9ciales<\/a><\/li>\n<\/ul>\n<\/li>\n<li class=\"menu-item menu-item-type-post_type menu-item-object-page menu-item-3902\"><a href=\"https:\/\/cabinetfrancoisserres.com\/forum\/\" class=\"wpr-menu-item wpr-pointer-item\">Forum<\/a><\/li>\n<li class=\"menu-item menu-item-type-post_type menu-item-object-page menu-item-40\"><a href=\"https:\/\/cabinetfrancoisserres.com\/contact\/\" class=\"wpr-menu-item wpr-pointer-item\">Contact<\/a><\/li>\n<\/ul><\/nav><nav class=\"wpr-mobile-nav-menu-container\"><div class=\"wpr-mobile-toggle-wrap\"><div class=\"wpr-mobile-toggle\"><span class=\"wpr-mobile-toggle-line\"><\/span><span class=\"wpr-mobile-toggle-line\"><\/span><span class=\"wpr-mobile-toggle-line\"><\/span><\/div><\/div><ul id=\"mobile-menu-2-004911e\" class=\"wpr-mobile-nav-menu\"><li class=\"menu-item menu-item-type-post_type menu-item-object-page menu-item-6853\"><a href=\"https:\/\/cabinetfrancoisserres.com\/\" class=\"wpr-mobile-menu-item\">Accueil<\/a><\/li>\n<li class=\"menu-item menu-item-type-post_type menu-item-object-page menu-item-41\"><a href=\"https:\/\/cabinetfrancoisserres.com\/expertise\/\" class=\"wpr-mobile-menu-item\">Expertise<\/a><\/li>\n<li class=\"menu-item menu-item-type-post_type menu-item-object-page menu-item-42\"><a href=\"https:\/\/cabinetfrancoisserres.com\/nos-experts\/\" class=\"wpr-mobile-menu-item\">Nos experts<\/a><\/li>\n<li class=\"menu-item menu-item-type-post_type menu-item-object-page menu-item-has-children menu-item-8284\"><a href=\"https:\/\/cabinetfrancoisserres.com\/attestations-de-bonne-execution\/\" class=\"wpr-mobile-menu-item\">Attestations<svg class=\"si-icon\" xmlns=\"http:\/\/www.w3.org\/2000\/svg\" width=\"32\" height=\"32\" viewBox=\"0 0 32 32\"><path d=\"M24.958 10.483c-0.534-0.534-1.335-0.534-1.868 0l-7.074 7.074-7.074-7.074c-0.534-0.534-1.335-0.534-1.868 0s-0.534 1.335 0 1.868l8.008 8.008c0.267 0.267 0.667 0.4 0.934 0.4s0.667-0.133 0.934-0.4l8.008-8.008c0.534-0.534 0.534-1.335 0-1.868z\"><\/path><\/svg><\/a>\n<ul class=\"sub-menu wpr-sub-menu\">\n\t<li class=\"menu-item menu-item-type-post_type menu-item-object-page menu-item-has-children menu-item-8623\"><a href=\"https:\/\/cabinetfrancoisserres.com\/attestations-partenariats-public-prives\/\" class=\"wpr-mobile-sub-menu-item\">Partenariats Public-Priv\u00e9s<svg class=\"si-icon\" xmlns=\"http:\/\/www.w3.org\/2000\/svg\" width=\"32\" height=\"32\" viewBox=\"0 0 32 32\"><path d=\"M24.958 10.483c-0.534-0.534-1.335-0.534-1.868 0l-7.074 7.074-7.074-7.074c-0.534-0.534-1.335-0.534-1.868 0s-0.534 1.335 0 1.868l8.008 8.008c0.267 0.267 0.667 0.4 0.934 0.4s0.667-0.133 0.934-0.4l8.008-8.008c0.534-0.534 0.534-1.335 0-1.868z\"><\/path><\/svg><\/a>\n\t<ul class=\"sub-menu wpr-sub-menu\">\n\t\t<li class=\"menu-item menu-item-type-post_type menu-item-object-page menu-item-8899\"><a href=\"https:\/\/cabinetfrancoisserres.com\/ppp-infrastructures\/\" class=\"wpr-mobile-sub-menu-item\">PPP infrastructures<\/a><\/li>\n\t\t<li class=\"menu-item menu-item-type-post_type menu-item-object-page menu-item-8921\"><a href=\"https:\/\/cabinetfrancoisserres.com\/ppp-energie\/\" class=\"wpr-mobile-sub-menu-item\">PPP \u00e9nergie<\/a><\/li>\n\t<\/ul>\n<\/li>\n\t<li class=\"menu-item menu-item-type-post_type menu-item-object-page menu-item-8624\"><a href=\"https:\/\/cabinetfrancoisserres.com\/attestations-marches-publics\/\" class=\"wpr-mobile-sub-menu-item\">March\u00e9s Publics<\/a><\/li>\n\t<li class=\"menu-item menu-item-type-post_type menu-item-object-page menu-item-8625\"><a href=\"https:\/\/cabinetfrancoisserres.com\/attestations-zones-economiques-speciales\/\" class=\"wpr-mobile-sub-menu-item\">Zones \u00c9conomiques Sp\u00e9ciales<\/a><\/li>\n<\/ul>\n<\/li>\n<li class=\"menu-item menu-item-type-post_type menu-item-object-page menu-item-3902\"><a href=\"https:\/\/cabinetfrancoisserres.com\/forum\/\" class=\"wpr-mobile-menu-item\">Forum<\/a><\/li>\n<li class=\"menu-item menu-item-type-post_type menu-item-object-page menu-item-40\"><a href=\"https:\/\/cabinetfrancoisserres.com\/contact\/\" class=\"wpr-mobile-menu-item\">Contact<\/a><\/li>\n<\/ul><\/nav>\t\t\t\t<\/div>\n\t\t\t\t<\/div>\n\t\t\t\t\t<\/div>\n\t\t<\/div>\n\t\t\t\t<div class=\"elementor-column elementor-col-16 elementor-top-column elementor-element elementor-element-400758f elementor-hidden-tablet elementor-hidden-phone\" data-id=\"400758f\" data-element_type=\"column\" data-e-type=\"column\">\n\t\t\t<div class=\"elementor-widget-wrap elementor-element-populated\">\n\t\t\t\t\t\t<div class=\"elementor-element elementor-element-28ad86d elementor-align-center elementor-widget elementor-widget-button\" data-id=\"28ad86d\" data-element_type=\"widget\" data-e-type=\"widget\" data-widget_type=\"button.default\">\n\t\t\t\t<div class=\"elementor-widget-container\">\n\t\t\t\t\t\t\t\t\t<div class=\"elementor-button-wrapper\">\n\t\t\t\t\t<a class=\"elementor-button elementor-button-link elementor-size-sm\" href=\"https:\/\/cabinetfrancoisserres.com\/en\/contact\">\n\t\t\t\t\t\t<span class=\"elementor-button-content-wrapper\">\n\t\t\t\t\t\t\t\t\t<span class=\"elementor-button-text\">Contact us<\/span>\n\t\t\t\t\t<\/span>\n\t\t\t\t\t<\/a>\n\t\t\t\t<\/div>\n\t\t\t\t\t\t\t\t<\/div>\n\t\t\t\t<\/div>\n\t\t\t\t\t<\/div>\n\t\t<\/div>\n\t\t\t\t\t<\/div>\n\t\t<\/section>\n\t\t\t\t<section class=\"elementor-section elementor-top-section elementor-element elementor-element-81e7bad elementor-section-full_width elementor-section-content-middle elementor-section-height-default elementor-section-height-default wpr-particle-no wpr-jarallax-no wpr-parallax-no wpr-sticky-section-no wpr-equal-height-no\" data-id=\"81e7bad\" data-element_type=\"section\" data-e-type=\"section\" data-settings=\"{&quot;background_background&quot;:&quot;classic&quot;}\">\n\t\t\t\t\t\t<div class=\"elementor-container elementor-column-gap-default\">\n\t\t\t\t\t<div class=\"elementor-column elementor-col-100 elementor-top-column elementor-element elementor-element-fd75454 animated-slow elementor-invisible\" data-id=\"fd75454\" data-element_type=\"column\" data-e-type=\"column\" data-settings=\"{&quot;animation&quot;:&quot;fadeInDown&quot;}\">\n\t\t\t<div class=\"elementor-widget-wrap elementor-element-populated\">\n\t\t\t\t\t\t<div class=\"elementor-element elementor-element-216e788 elementor-widget__width-initial elementor-widget elementor-widget-heading\" data-id=\"216e788\" data-element_type=\"widget\" data-e-type=\"widget\" data-settings=\"{&quot;_animation&quot;:&quot;none&quot;}\" data-widget_type=\"heading.default\">\n\t\t\t\t<div class=\"elementor-widget-container\">\n\t\t\t\t\t<h4 class=\"elementor-heading-title elementor-size-default\">Cr\u00e9ez votre compte<\/h4>\t\t\t\t<\/div>\n\t\t\t\t<\/div>\n\t\t\t\t\t<\/div>\n\t\t<\/div>\n\t\t\t\t\t<\/div>\n\t\t<\/section>\n\t\t\t\t<section class=\"elementor-section elementor-top-section elementor-element elementor-element-1dd89dda elementor-section-boxed elementor-section-height-default elementor-section-height-default wpr-particle-no wpr-jarallax-no wpr-parallax-no wpr-sticky-section-no wpr-equal-height-no\" data-id=\"1dd89dda\" data-element_type=\"section\" data-e-type=\"section\">\n\t\t\t\t\t\t<div class=\"elementor-container elementor-column-gap-default\">\n\t\t\t\t\t<div class=\"elementor-column elementor-col-100 elementor-top-column elementor-element elementor-element-2b24a48d\" data-id=\"2b24a48d\" data-element_type=\"column\" data-e-type=\"column\">\n\t\t\t<div class=\"elementor-widget-wrap elementor-element-populated\">\n\t\t\t\t\t\t<div class=\"elementor-element elementor-element-30fccdfa elementor-widget elementor-widget-shortcode\" data-id=\"30fccdfa\" data-element_type=\"widget\" data-e-type=\"widget\" data-widget_type=\"shortcode.default\">\n\t\t\t\t<div class=\"elementor-widget-container\">\n\t\t\t\t\t\t\t<div class=\"elementor-shortcode\"><div class=\"uwp-register-class bsui sdel-240aa5ef\" ><div class=\"uwp_widgets uwp_widget_register\"><div class=\"uwp_page wpbs\">    <div class=\"row\">\n        <div class=\"card mx-auto container-fluid p-0 border-0\" >\n\t\t\t            <div class=\"card-body\">\n\t\t\t\t<h3 class=\"card-title text-center mb-4\">Register<\/h3>\n                <form class=\"uwp-registration-form uwp_form\" method=\"post\" enctype=\"multipart\/form-data\">\n\t\t\t\t\t<div data-argument=\"first_name\" class=\"form-group\" ><label for=\"first_name\" class=\"sr-only\">First Name <span class=\"text-danger\">*<\/span><\/label><input type=\"text\"  name=\"first_name\"  id=\"first_name\"  placeholder=\"First Name *\"  title=\"First Name\"  required  class=\"form-control \" ><\/div><div data-argument=\"last_name\" class=\"form-group\" ><label for=\"last_name\" class=\"sr-only\">Last Name <span class=\"text-danger\">*<\/span><\/label><input type=\"text\"  name=\"last_name\"  id=\"last_name\"  placeholder=\"Last Name *\"  title=\"Last Name\"  required  class=\"form-control \" ><\/div><div data-argument=\"username\" class=\"form-group\" ><label for=\"username\" class=\"sr-only\">Username <span class=\"text-danger\">*<\/span><\/label><input type=\"text\"  name=\"username\"  id=\"username\"  placeholder=\"Username *\"  title=\"Username\"  required  class=\"form-control \" ><\/div><div data-argument=\"email\" class=\"form-group\" ><label for=\"email\" class=\"sr-only\">Email <span class=\"text-danger\">*<\/span><\/label><input type=\"email\"  name=\"email\"  id=\"email\"  placeholder=\"Email *\"  title=\"Email\"  required  class=\"form-control \" ><\/div><div data-argument=\"password\" class=\"form-group uwp-password-wrap\" ><label for=\"password\" class=\"sr-only\">Password <span class=\"text-danger\">*<\/span><\/label><div class=\"input-group\" ><input type=\"password\"  name=\"password\"  id=\"password\"  placeholder=\"Password *\"  title=\"Password\"  required  class=\"form-control \" ><div class=\"input-group-append \" style=\"top:0;right:0;\"><span class=\"input-group-text c-pointer px-3\" \nonclick=\"var $el = jQuery(this).find('i');$el.toggleClass('fa-eye fa-eye-slash');\nvar $eli = jQuery(this).parent().parent().find('input');\nif($el.hasClass('fa-eye'))\n{$eli.attr('type','text');}\nelse{$eli.attr('type','password');}\"\n><i class=\"far fa-fw fa-eye-slash\"><\/i><\/span><\/div><\/div><\/div><div data-argument=\"confirm_password\" class=\"form-group uwp-password-wrap\" ><label for=\"confirm_password\" class=\"sr-only\">Confirm Password <span class=\"text-danger\">*<\/span><\/label><div class=\"input-group\" ><input type=\"password\"  name=\"confirm_password\"  id=\"confirm_password\"  placeholder=\"Confirm Password *\"  title=\"Confirm Password\"  required  class=\"form-control \" ><div class=\"input-group-append \" style=\"top:0;right:0;\"><span class=\"input-group-text c-pointer px-3\" \nonclick=\"var $el = jQuery(this).find('i');$el.toggleClass('fa-eye fa-eye-slash');\nvar $eli = jQuery(this).parent().parent().find('input');\nif($el.hasClass('fa-eye'))\n{$eli.attr('type','text');}\nelse{$eli.attr('type','password');}\"\n><i class=\"far fa-fw fa-eye-slash\"><\/i><\/span><\/div><\/div><\/div><input type=\"hidden\" name=\"redirect_to\" value=\"https:\/\/cabinetfrancoisserres.com\/en\/\"\/><input type=\"hidden\" name=\"uwp_register_hash\" value=\"d85a5ece7a5ef1822674b21b1\" style=\"display:none !important; visibility:hidden !important;\" \/><input type=\"hidden\" name=\"uwp_register_hp\" value=\"\" style=\"display:none !important; visibility:hidden !important;\" size=\"25\" autocomplete=\"off\" \/><input type=\"hidden\" name=\"uwp_register_nonce\" value=\"4ca73e850f\" \/><input type=\"hidden\" name=\"uwp_register_form_id\" value=\"1\"><button type=\"submit\"  name=\"uwp_register_submit\"  class=\"btn btn-primary btn-block text-uppercase uwp_register_submit\"  >Create account<\/button>\n                <\/form>\n\n                <div class=\"uwp-footer-links\">\n                    <div class=\"uwp-footer-link\">\n\t\t\t\t\t\t<a href=\"https:\/\/cabinetfrancoisserres.com\/en\/connexion\/\" class=\"d-block text-center mt-2 small uwp-login-link\"  rel=\"nofollow\"  >Login<\/a>\n                    <\/div>\n                <\/div>\n\n                <div class=\"form-group text-center mb-0 p-0\">\n\t\t\t\t\t<div class=\"uwp-social-class sdel-7b9ec848\" ><div class=\"uwp_widgets uwp_widget_social_login\"><div class=\"bsui\"><hr \/><div class=\"text-muted h5 mt-n2 mb-2\">Login via Social<\/div><\/div><\/div>        <script type=\"text\/javascript\">\n            jQuery(document).on('uwp_form_loaded', function(event, args){\n                const html = args.html;\n                const form = args.form;\n                const formWrapper = form.closest('.uwp_widget_register');\n\n                const socialHtml = jQuery(html).find('.uwp_widget_social_login');\n                if (socialHtml.length > 0) {\n                    formWrapper.find('.uwp_widget_social_login').replaceWith(socialHtml);\n                }\n            });\n        <\/script>\n        <\/div>                <\/div>\n\n            <\/div>\n        <\/div>\n    <\/div>\n<\/div><\/div>\t<script>\n        jQuery( document ).ready( function( $ ) {\n\n            $( 'body' ).on( 'keyup', 'input[name=password], input[name=confirm_password]',\n                function( event ) {\n                    var $form = $(this).closest('form');\n                    if( ! $form.hasClass('uwp-login-form') ) {\n                        uwp_checkPasswordStrength(\n                            $form.find('input[name=password]'),\n                            $form.find('input[name=confirm_password]'),\n                            $form.find('#uwp-password-strength'),\n                            $form.find('button[type=\"submit\"], input[type=\"submit\"]'),\n                            ['black', 'listed', 'word']\n                        );\n                    }\n                }\n            );\n        });\n\t<\/script>\n\t<\/div><\/div>\n\t\t\t\t\t\t<\/div>\n\t\t\t\t<\/div>\n\t\t\t\t\t<\/div>\n\t\t<\/div>\n\t\t\t\t\t<\/div>\n\t\t<\/section>\n\t\t\t\t<\/div>\n\t\t","protected":false},"excerpt":{"rendered":"<p>Accueil Expertise Nos experts Attestations Partenariats Public-Priv\u00e9s PPP infrastructures PPP \u00e9nergie March\u00e9s Publics Zones \u00c9conomiques Sp\u00e9ciales Agropoles Forum Contact Accueil Expertise Nos experts Attestations Partenariats Public-Priv\u00e9s PPP infrastructures PPP \u00e9nergie&hellip;<\/p>","protected":false},"author":1,"featured_media":0,"parent":0,"menu_order":0,"comment_status":"closed","ping_status":"closed","template":"elementor_canvas","meta":{"footnotes":""},"class_list":["post-4194","page","type-page","status-publish","hentry"],"jetpack_sharing_enabled":true,"_links":{"self":[{"href":"https:\/\/cabinetfrancoisserres.com\/en\/wp-json\/wp\/v2\/pages\/4194","targetHints":{"allow":["GET"]}}],"collection":[{"href":"https:\/\/cabinetfrancoisserres.com\/en\/wp-json\/wp\/v2\/pages"}],"about":[{"href":"https:\/\/cabinetfrancoisserres.com\/en\/wp-json\/wp\/v2\/types\/page"}],"author":[{"embeddable":true,"href":"https:\/\/cabinetfrancoisserres.com\/en\/wp-json\/wp\/v2\/users\/1"}],"replies":[{"embeddable":true,"href":"https:\/\/cabinetfrancoisserres.com\/en\/wp-json\/wp\/v2\/comments?post=4194"}],"version-history":[{"count":5,"href":"https:\/\/cabinetfrancoisserres.com\/en\/wp-json\/wp\/v2\/pages\/4194\/revisions"}],"predecessor-version":[{"id":13198,"href":"https:\/\/cabinetfrancoisserres.com\/en\/wp-json\/wp\/v2\/pages\/4194\/revisions\/13198"}],"wp:attachment":[{"href":"https:\/\/cabinetfrancoisserres.com\/en\/wp-json\/wp\/v2\/media?parent=4194"}],"curies":[{"name":"wp","href":"https:\/\/api.w.org\/{rel}","templated":true}]}}