{"id":10045,"date":"2023-01-23T16:13:09","date_gmt":"2023-01-23T16:13:09","guid":{"rendered":"https:\/\/cabinetfrancoisserres.com\/?page_id=10045"},"modified":"2024-06-11T23:21:02","modified_gmt":"2024-06-11T23:21:02","slug":"forumm","status":"publish","type":"page","link":"https:\/\/cabinetfrancoisserres.com\/en\/forumm\/","title":{"rendered":"Forum"},"content":{"rendered":"<div data-elementor-type=\"wp-page\" data-elementor-id=\"10045\" class=\"elementor elementor-10045\">\n\t\t\t\t\t\t<section class=\"elementor-section elementor-top-section elementor-element elementor-element-f889c69 elementor-section-full_width elementor-section-height-default elementor-section-height-default wpr-particle-no wpr-jarallax-no wpr-parallax-no wpr-equal-height-no\" data-id=\"f889c69\" data-element_type=\"section\" data-e-type=\"section\" data-settings=\"{&quot;background_background&quot;:&quot;classic&quot;}\">\n\t\t\t\t\t\t<div class=\"elementor-container elementor-column-gap-default\">\n\t\t\t\t\t<div class=\"elementor-column elementor-col-16 elementor-top-column elementor-element elementor-element-ffb1fbb\" data-id=\"ffb1fbb\" data-element_type=\"column\" data-e-type=\"column\">\n\t\t\t<div class=\"elementor-widget-wrap elementor-element-populated\">\n\t\t\t\t\t\t<div class=\"elementor-element elementor-element-793e90f wpr-logo-position-center elementor-widget elementor-widget-wpr-logo\" data-id=\"793e90f\" data-element_type=\"widget\" data-e-type=\"widget\" data-widget_type=\"wpr-logo.default\">\n\t\t\t\t<div class=\"elementor-widget-container\">\n\t\t\t\t\t\t\t\t\n\t\t\t<div class=\"wpr-logo elementor-clearfix\">\n\n\t\t\t\t\t\t\t\t<picture class=\"wpr-logo-image\">\n\t\t\t\t\t\n\t\t\t\t\t\t\t\t\t\t\n\t\t\t\t\t<img data-recalc-dims=\"1\" decoding=\"async\" src=\"https:\/\/i0.wp.com\/cabinetfrancoisserres.com\/wp-content\/uploads\/2022\/12\/Asset-3.png?ssl=1\" alt=\"\">\n\n\t\t\t\t\t\t\t\t\t\t\t<a class=\"wpr-logo-url\" rel=\"home\" aria-label=\"\" href=\"https:\/\/cabinetfrancoisserres.com\/en\/\"><\/a>\n\t\t\t\t\t\t\t\t\t<\/picture>\n\t\t\t\t\n\t\t\t\t\n\t\t\t\t\t\t\t\t\t<a class=\"wpr-logo-url\" rel=\"home\" aria-label=\"\" href=\"https:\/\/cabinetfrancoisserres.com\/en\/\"><\/a>\n\t\t\t\t\n\t\t\t<\/div>\n\t\t\t\t\n\t\t\t\t\t\t<\/div>\n\t\t\t\t<\/div>\n\t\t\t\t\t<\/div>\n\t\t<\/div>\n\t\t\t\t<div class=\"elementor-column elementor-col-66 elementor-top-column elementor-element elementor-element-3f38d77\" data-id=\"3f38d77\" data-element_type=\"column\" data-e-type=\"column\">\n\t\t\t<div class=\"elementor-widget-wrap elementor-element-populated\">\n\t\t\t\t\t\t<div class=\"elementor-element elementor-element-a17aacd wpr-main-menu-align-right wpr-pointer-none wpr-main-menu-align--laptopleft wpr-main-menu-align--tabletleft wpr-main-menu-align--mobileleft wpr-sub-icon-caret-down wpr-sub-menu-fx-fade wpr-nav-menu-bp-mobile wpr-mobile-menu-full-width wpr-mobile-menu-item-align-center wpr-mobile-toggle-v1 wpr-sub-divider-yes wpr-mobile-divider-yes elementor-widget elementor-widget-wpr-nav-menu\" data-id=\"a17aacd\" data-element_type=\"widget\" data-e-type=\"widget\" data-settings=\"{&quot;menu_layout&quot;:&quot;horizontal&quot;}\" data-widget_type=\"wpr-nav-menu.default\">\n\t\t\t\t<div class=\"elementor-widget-container\">\n\t\t\t\t\t<nav class=\"wpr-nav-menu-container wpr-nav-menu-horizontal\" data-trigger=\"hover\" data-consider-header=\"\" data-scroll-speed=\"500\"><ul id=\"menu-1-a17aacd\" class=\"wpr-nav-menu\"><li class=\"menu-item menu-item-type-post_type menu-item-object-page menu-item-6853\"><a href=\"https:\/\/cabinetfrancoisserres.com\/en\/\" class=\"wpr-menu-item wpr-pointer-item\">Home<\/a><\/li>\n<li class=\"menu-item menu-item-type-post_type menu-item-object-page menu-item-41\"><a href=\"https:\/\/cabinetfrancoisserres.com\/en\/expertise\/\" class=\"wpr-menu-item wpr-pointer-item\">Expertise<\/a><\/li>\n<li class=\"menu-item menu-item-type-post_type menu-item-object-page menu-item-42\"><a href=\"https:\/\/cabinetfrancoisserres.com\/en\/nos-experts\/\" class=\"wpr-menu-item wpr-pointer-item\">Our Experts<\/a><\/li>\n<li class=\"menu-item menu-item-type-post_type menu-item-object-page menu-item-has-children menu-item-8284\"><a aria-haspopup=\"true\" aria-expanded=\"false\" href=\"https:\/\/cabinetfrancoisserres.com\/en\/attestations-de-bonne-execution\/\" class=\"wpr-menu-item wpr-pointer-item\">Certifications<i class=\"wpr-sub-icon fas\" aria-hidden=\"true\"><\/i><\/a>\n<ul class=\"sub-menu wpr-sub-menu\">\n\t<li class=\"menu-item menu-item-type-post_type menu-item-object-page menu-item-has-children menu-item-8623\"><a aria-haspopup=\"true\" aria-expanded=\"false\" href=\"https:\/\/cabinetfrancoisserres.com\/en\/attestations-partenariats-public-prives\/\" class=\"wpr-sub-menu-item\">Public-Private Partnerships<i class=\"wpr-sub-icon fas wpr-sub-icon-rotate\" aria-hidden=\"true\"><\/i><\/a>\n\t<ul class=\"sub-menu wpr-sub-menu\">\n\t\t<li class=\"menu-item menu-item-type-post_type menu-item-object-page menu-item-8899\"><a href=\"https:\/\/cabinetfrancoisserres.com\/en\/ppp-infrastructures\/\" class=\"wpr-sub-menu-item\">PPP infrastructures<\/a><\/li>\n\t\t<li class=\"menu-item menu-item-type-post_type menu-item-object-page menu-item-8921\"><a href=\"https:\/\/cabinetfrancoisserres.com\/en\/ppp-energie\/\" class=\"wpr-sub-menu-item\">PPP energy<\/a><\/li>\n\t<\/ul>\n<\/li>\n\t<li class=\"menu-item menu-item-type-post_type menu-item-object-page menu-item-8624\"><a href=\"https:\/\/cabinetfrancoisserres.com\/en\/attestations-marches-publics\/\" class=\"wpr-sub-menu-item\">Public procurement<\/a><\/li>\n\t<li class=\"menu-item menu-item-type-post_type menu-item-object-page menu-item-8625\"><a href=\"https:\/\/cabinetfrancoisserres.com\/en\/attestations-zones-economiques-speciales\/\" class=\"wpr-sub-menu-item\">Special Economic Zones<\/a><\/li>\n<\/ul>\n<\/li>\n<li class=\"menu-item menu-item-type-post_type menu-item-object-page menu-item-3902\"><a href=\"https:\/\/cabinetfrancoisserres.com\/en\/forum\/\" class=\"wpr-menu-item wpr-pointer-item\">Forum<\/a><\/li>\n<li class=\"menu-item menu-item-type-post_type menu-item-object-page menu-item-40\"><a href=\"https:\/\/cabinetfrancoisserres.com\/en\/contact\/\" class=\"wpr-menu-item wpr-pointer-item\">Contact<\/a><\/li>\n<\/ul><\/nav><nav class=\"wpr-mobile-nav-menu-container\"><div class=\"wpr-mobile-toggle-wrap\"><div class=\"wpr-mobile-toggle\"><span class=\"wpr-mobile-toggle-line\"><\/span><span class=\"wpr-mobile-toggle-line\"><\/span><span class=\"wpr-mobile-toggle-line\"><\/span><\/div><\/div><ul id=\"mobile-menu-2-a17aacd\" class=\"wpr-mobile-nav-menu\"><li class=\"menu-item menu-item-type-post_type menu-item-object-page menu-item-6853\"><a href=\"https:\/\/cabinetfrancoisserres.com\/en\/\" class=\"wpr-mobile-menu-item\">Home<\/a><\/li>\n<li class=\"menu-item menu-item-type-post_type menu-item-object-page menu-item-41\"><a href=\"https:\/\/cabinetfrancoisserres.com\/en\/expertise\/\" class=\"wpr-mobile-menu-item\">Expertise<\/a><\/li>\n<li class=\"menu-item menu-item-type-post_type menu-item-object-page menu-item-42\"><a href=\"https:\/\/cabinetfrancoisserres.com\/en\/nos-experts\/\" class=\"wpr-mobile-menu-item\">Our Experts<\/a><\/li>\n<li class=\"menu-item menu-item-type-post_type menu-item-object-page menu-item-has-children menu-item-8284\"><a href=\"https:\/\/cabinetfrancoisserres.com\/en\/attestations-de-bonne-execution\/\" class=\"wpr-mobile-menu-item\">Certifications<svg class=\"si-icon\" xmlns=\"http:\/\/www.w3.org\/2000\/svg\" width=\"32\" height=\"32\" viewbox=\"0 0 32 32\"><path d=\"M24.958 10.483c-0.534-0.534-1.335-0.534-1.868 0l-7.074 7.074-7.074-7.074c-0.534-0.534-1.335-0.534-1.868 0s-0.534 1.335 0 1.868l8.008 8.008c0.267 0.267 0.667 0.4 0.934 0.4s0.667-0.133 0.934-0.4l8.008-8.008c0.534-0.534 0.534-1.335 0-1.868z\"><\/path><\/svg><\/a>\n<ul class=\"sub-menu wpr-sub-menu\">\n\t<li class=\"menu-item menu-item-type-post_type menu-item-object-page menu-item-has-children menu-item-8623\"><a href=\"https:\/\/cabinetfrancoisserres.com\/en\/attestations-partenariats-public-prives\/\" class=\"wpr-mobile-sub-menu-item\">Public-Private Partnerships<svg class=\"si-icon\" xmlns=\"http:\/\/www.w3.org\/2000\/svg\" width=\"32\" height=\"32\" viewbox=\"0 0 32 32\"><path d=\"M24.958 10.483c-0.534-0.534-1.335-0.534-1.868 0l-7.074 7.074-7.074-7.074c-0.534-0.534-1.335-0.534-1.868 0s-0.534 1.335 0 1.868l8.008 8.008c0.267 0.267 0.667 0.4 0.934 0.4s0.667-0.133 0.934-0.4l8.008-8.008c0.534-0.534 0.534-1.335 0-1.868z\"><\/path><\/svg><\/a>\n\t<ul class=\"sub-menu wpr-sub-menu\">\n\t\t<li class=\"menu-item menu-item-type-post_type menu-item-object-page menu-item-8899\"><a href=\"https:\/\/cabinetfrancoisserres.com\/en\/ppp-infrastructures\/\" class=\"wpr-mobile-sub-menu-item\">PPP infrastructures<\/a><\/li>\n\t\t<li class=\"menu-item menu-item-type-post_type menu-item-object-page menu-item-8921\"><a href=\"https:\/\/cabinetfrancoisserres.com\/en\/ppp-energie\/\" class=\"wpr-mobile-sub-menu-item\">PPP energy<\/a><\/li>\n\t<\/ul>\n<\/li>\n\t<li class=\"menu-item menu-item-type-post_type menu-item-object-page menu-item-8624\"><a href=\"https:\/\/cabinetfrancoisserres.com\/en\/attestations-marches-publics\/\" class=\"wpr-mobile-sub-menu-item\">Public procurement<\/a><\/li>\n\t<li class=\"menu-item menu-item-type-post_type menu-item-object-page menu-item-8625\"><a href=\"https:\/\/cabinetfrancoisserres.com\/en\/attestations-zones-economiques-speciales\/\" class=\"wpr-mobile-sub-menu-item\">Special Economic Zones<\/a><\/li>\n<\/ul>\n<\/li>\n<li class=\"menu-item menu-item-type-post_type menu-item-object-page menu-item-3902\"><a href=\"https:\/\/cabinetfrancoisserres.com\/en\/forum\/\" class=\"wpr-mobile-menu-item\">Forum<\/a><\/li>\n<li class=\"menu-item menu-item-type-post_type menu-item-object-page menu-item-40\"><a href=\"https:\/\/cabinetfrancoisserres.com\/en\/contact\/\" class=\"wpr-mobile-menu-item\">Contact<\/a><\/li>\n<\/ul><\/nav>\t\t\t\t<\/div>\n\t\t\t\t<\/div>\n\t\t\t\t\t<\/div>\n\t\t<\/div>\n\t\t\t\t<div class=\"elementor-column elementor-col-16 elementor-top-column elementor-element elementor-element-354c390 elementor-hidden-tablet elementor-hidden-phone\" data-id=\"354c390\" data-element_type=\"column\" data-e-type=\"column\">\n\t\t\t<div class=\"elementor-widget-wrap elementor-element-populated\">\n\t\t\t\t\t\t<div class=\"elementor-element elementor-element-1d89f14 elementor-align-center elementor-widget elementor-widget-button\" data-id=\"1d89f14\" data-element_type=\"widget\" data-e-type=\"widget\" data-widget_type=\"button.default\">\n\t\t\t\t<div class=\"elementor-widget-container\">\n\t\t\t\t\t\t\t\t\t<div class=\"elementor-button-wrapper\">\n\t\t\t\t\t<a class=\"elementor-button elementor-button-link elementor-size-sm\" href=\"https:\/\/cabinetfrancoisserres.com\/en\/contact\/\">\n\t\t\t\t\t\t<span class=\"elementor-button-content-wrapper\">\n\t\t\t\t\t\t\t\t\t<span class=\"elementor-button-text\">Contact us<\/span>\n\t\t\t\t\t<\/span>\n\t\t\t\t\t<\/a>\n\t\t\t\t<\/div>\n\t\t\t\t\t\t\t\t<\/div>\n\t\t\t\t<\/div>\n\t\t\t\t\t<\/div>\n\t\t<\/div>\n\t\t\t\t\t<\/div>\n\t\t<\/section>\n\t\t\t\t<section class=\"elementor-section elementor-top-section elementor-element elementor-element-818001e elementor-section-full_width elementor-section-height-default elementor-section-height-default wpr-particle-no wpr-jarallax-no wpr-parallax-no wpr-sticky-section-no wpr-equal-height-no\" data-id=\"818001e\" data-element_type=\"section\" data-e-type=\"section\">\n\t\t\t\t\t\t<div class=\"elementor-container elementor-column-gap-default\">\n\t\t\t\t\t<div class=\"elementor-column elementor-col-100 elementor-top-column elementor-element elementor-element-43a88cf\" data-id=\"43a88cf\" data-element_type=\"column\" data-e-type=\"column\" data-settings=\"{&quot;background_background&quot;:&quot;classic&quot;}\">\n\t\t\t<div class=\"elementor-widget-wrap elementor-element-populated\">\n\t\t\t\t\t\t<div class=\"elementor-element elementor-element-1dc08e8 elementor-widget__width-initial elementor-widget elementor-widget-heading\" data-id=\"1dc08e8\" data-element_type=\"widget\" data-e-type=\"widget\" data-settings=\"{&quot;_animation&quot;:&quot;none&quot;}\" data-widget_type=\"heading.default\">\n\t\t\t\t<div class=\"elementor-widget-container\">\n\t\t\t\t\t<h4 class=\"elementor-heading-title elementor-size-default\">Forums<\/h4>\t\t\t\t<\/div>\n\t\t\t\t<\/div>\n\t\t\t\t\t<\/div>\n\t\t<\/div>\n\t\t\t\t\t<\/div>\n\t\t<\/section>\n\t\t\t\t<section class=\"elementor-section elementor-top-section elementor-element elementor-element-f16a923 elementor-section-full_width elementor-section-height-default elementor-section-height-default wpr-particle-no wpr-jarallax-no wpr-parallax-no wpr-sticky-section-no wpr-equal-height-no\" data-id=\"f16a923\" data-element_type=\"section\" data-e-type=\"section\">\n\t\t\t\t\t\t<div class=\"elementor-container elementor-column-gap-default\">\n\t\t\t\t\t<div class=\"elementor-column elementor-col-100 elementor-top-column elementor-element elementor-element-10f4178\" data-id=\"10f4178\" data-element_type=\"column\" data-e-type=\"column\">\n\t\t\t<div class=\"elementor-widget-wrap elementor-element-populated\">\n\t\t\t\t\t\t<div class=\"elementor-element elementor-element-13aee9e elementor-widget elementor-widget-shortcode\" data-id=\"13aee9e\" data-element_type=\"widget\" data-e-type=\"widget\" data-widget_type=\"shortcode.default\">\n\t\t\t\t<div class=\"elementor-widget-container\">\n\t\t\t\t\t\t\t<div class=\"elementor-shortcode\"><div id=\"af-wrapper\"><div id=\"forum-header\"><div id=\"forum-navigation-mobile\"><a><span class=\"fas fa-bars\"><\/span>Menu<\/a><\/div><span class=\"screen-reader-text\">Forum Navigation<\/span><div id=\"forum-navigation\"><a class=\"home-link\" href=\"https:\/\/cabinetfrancoisserres.com\/en\/forum\/\" target=\"_self\">Forum<\/a><a class=\"members-link\" href=\"https:\/\/cabinetfrancoisserres.com\/en\/forum\/membres\/\" target=\"_self\">Members<\/a><a class=\"activity-link\" href=\"https:\/\/cabinetfrancoisserres.com\/en\/forum\/activit\u00e9\/\" target=\"_self\">Activity<\/a><a class=\"login-link\" href=\"https:\/\/cabinetfrancoisserres.com\/en\/connexion\/?redirect_to=https%3A%2F%2Fcabinetfrancoisserres.com%2Fen%2Fwp-json%2Fwp%2Fv2%2Fpages%2F10045\" target=\"_self\">Login<\/a><a class=\"register-link\" href=\"https:\/\/cabinetfrancoisserres.com\/en\/compte-2\/\" target=\"_self\">Register<\/a><\/div><div id=\"forum-search\"><span class=\"search-icon fas fa-search\"><\/span><form method=\"get\" action=\"https:\/\/cabinetfrancoisserres.com\/en\/forum\/recherche\/\" data-trp-original-action=\"https:\/\/cabinetfrancoisserres.com\/forum\/recherche\/\"><input name=\"keywords\" type=\"search\" placeholder=\"Search ...\" value=\"\"><input type=\"hidden\" name=\"trp-form-language\" value=\"en\"\/><\/form><\/div><div class=\"clear\"><\/div><\/div><div id=\"forum-breadcrumbs\" itemscope itemtype=\"http:\/\/schema.org\/BreadcrumbList\"><span class=\"screen-reader-text\">Forum breadcrumbs - You are here:<\/span><span class=\"breadcrumb-icon fas fa-home\"><\/span><span itemprop=\"itemListElement\" itemscope itemtype=\"https:\/\/schema.org\/ListItem\"><a itemprop=\"item\" href=\"https:\/\/cabinetfrancoisserres.com\/en\/forum\/\" title=\"Forums\"><span itemprop=\"name\">Forums<\/span><\/a><meta itemprop=\"position\" content=\"1\"><\/span><span class=\"breadcrumb-icon fas fa-chevron-right separator\"><\/span><\/div><h1 class=\"main-title main-title-\">Forums<\/h1><div class=\"title-element\" id=\"forum-category-14\">Natural Resources<span class=\"last-post-headline\">Last post<\/span><\/div><div class=\"content-container\"><div class=\"content-element forum\" id=\"forum-10\"><div class=\"forum-status unread\"><i class=\"fas fa-lightbulb\"><\/i><\/div><div class=\"forum-name\"><a class=\"forum-title\" href=\"https:\/\/cabinetfrancoisserres.com\/en\/forum\/forum\/boite-a-idees-2\/\">Topics box<\/a><small class=\"forum-stats\">10 Topics&nbsp;&middot;&nbsp;10 Posts<\/small><small class=\"forum-lastpost-small\">Last post:&nbsp;<a href=\"https:\/\/cabinetfrancoisserres.com\/en\/forum\/sujet\/%d1%84%d0%bb%d0%b8%d1%81-%d1%82%d0%ba%d0%b0%d0%bd%d1%8c-%d0%ba%d1%83%d0%bf%d0%b8%d1%82%d1%8c\/#postid-23\">\u0444\u043b\u0438\u0441 \u0442\u043a\u0430\u043d\u044c \u043a\u0443\u043f\u0438\u0442\u044c<\/a>&nbsp;&middot;&nbsp;<a href=\"https:\/\/cabinetfrancoisserres.com\/en\/forum\/sujet\/%d1%84%d0%bb%d0%b8%d1%81-%d1%82%d0%ba%d0%b0%d0%bd%d1%8c-%d0%ba%d1%83%d0%bf%d0%b8%d1%82%d1%8c\/#postid-23\">2 weeks ago<\/a>&nbsp;&middot;&nbsp;<a class=\"profile-link highlight-default\" href=\"https:\/\/cabinetfrancoisserres.com\/en\/forum\/profil\/flis_wopl\/\">F_kkplO F_yzplO<\/a><\/small><small class=\"forum-subforums\"><b>Subforums:<\/b>&nbsp;<a href=\"https:\/\/cabinetfrancoisserres.com\/en\/forum\/forum\/petrole\/\">Congo Basin<\/a><\/small><\/div><div class=\"forum-poster\"><div class=\"forum-poster-avatar\"><img alt='' src='https:\/\/secure.gravatar.com\/avatar\/09a6345400104187612734057683af2756dea323ebc3855aafcc01de9643e56a?s=40&#038;r=g&#038;d=https:\/\/cabinetfrancoisserres.com\/wp-content\/plugins\/userswp\/assets\/images\/no_profile.png' srcset='https:\/\/secure.gravatar.com\/avatar\/09a6345400104187612734057683af2756dea323ebc3855aafcc01de9643e56a?s=80&#038;r=g&#038;d=https:\/\/cabinetfrancoisserres.com\/wp-content\/plugins\/userswp\/assets\/images\/no_profile.png 2x' class='avatar avatar-40 photo' height='40' width='40' \/><\/div><div class=\"forum-poster-summary\"><a href=\"https:\/\/cabinetfrancoisserres.com\/en\/forum\/sujet\/%d1%84%d0%bb%d0%b8%d1%81-%d1%82%d0%ba%d0%b0%d0%bd%d1%8c-%d0%ba%d1%83%d0%bf%d0%b8%d1%82%d1%8c\/#postid-23\">\u0444\u043b\u0438\u0441 \u0442\u043a\u0430\u043d\u044c \u043a\u0443\u043f\u0438\u0442\u044c<\/a><br><small><a href=\"https:\/\/cabinetfrancoisserres.com\/en\/forum\/sujet\/%d1%84%d0%bb%d0%b8%d1%81-%d1%82%d0%ba%d0%b0%d0%bd%d1%8c-%d0%ba%d1%83%d0%bf%d0%b8%d1%82%d1%8c\/#postid-23\">2 weeks ago<\/a><span>&nbsp;&middot;&nbsp;<\/span><a class=\"profile-link highlight-default\" href=\"https:\/\/cabinetfrancoisserres.com\/en\/forum\/profil\/flis_wopl\/\">F_kkplO F_yzplO<\/a><\/small><\/div><\/div><\/div><div class=\"content-element forum\" id=\"forum-11\"><div class=\"forum-status read\"><i class=\"fas fa-leaf\"><\/i><\/div><div class=\"forum-name\"><a class=\"forum-title\" href=\"https:\/\/cabinetfrancoisserres.com\/en\/forum\/forum\/projets-2\/\">Projects<\/a><small class=\"forum-stats\">0 Topics&nbsp;&middot;&nbsp;0 Posts<\/small><small class=\"forum-lastpost-small\"><small class=\"no-topics\">No topics yet!<\/small><\/small><\/div><div class=\"forum-poster\"><small class=\"no-topics\">No topics yet!<\/small><\/div><\/div><\/div><div class=\"title-element\" id=\"forum-category-13\">Humanity law<span class=\"last-post-headline\">Last post<\/span><\/div><div class=\"content-container\"><div class=\"content-element forum\" id=\"forum-8\"><div class=\"forum-status read\"><i class=\"fas fa-lightbulb\"><\/i><\/div><div class=\"forum-name\"><a class=\"forum-title\" href=\"https:\/\/cabinetfrancoisserres.com\/en\/forum\/forum\/boite-a-idees\/\">Topics box<\/a><small class=\"forum-stats\">0 Topics&nbsp;&middot;&nbsp;0 Posts<\/small><small class=\"forum-lastpost-small\"><small class=\"no-topics\">No topics yet!<\/small><\/small><\/div><div class=\"forum-poster\"><small class=\"no-topics\">No topics yet!<\/small><\/div><\/div><div class=\"content-element forum\" id=\"forum-9\"><div class=\"forum-status read\"><i class=\"fas fa-leaf\"><\/i><\/div><div class=\"forum-name\"><a class=\"forum-title\" href=\"https:\/\/cabinetfrancoisserres.com\/en\/forum\/forum\/projets\/\">Projects<\/a><small class=\"forum-stats\">0 Topics&nbsp;&middot;&nbsp;0 Posts<\/small><small class=\"forum-lastpost-small\"><small class=\"no-topics\">No topics yet!<\/small><\/small><\/div><div class=\"forum-poster\"><small class=\"no-topics\">No topics yet!<\/small><\/div><\/div><\/div><div id=\"read-unread\"><span class=\"indicator unread\"><\/span><span class=\"indicator-label\">New posts<\/span><span class=\"indicator read\"><\/span><span class=\"indicator-label\">Nothing new<\/span><span class=\"indicator-label\"><span class=\"fas fa-check\"><\/span><a href=\"https:\/\/cabinetfrancoisserres.com\/en\/forum\/markallread\/?_wpnonce=84ce6c8c19\">Mark All Read<\/a><\/span><span class=\"indicator-label\"><span class=\"fas fa-history\"><\/span><a href=\"https:\/\/cabinetfrancoisserres.com\/en\/forum\/non%20lu\/\">Show Unread Topics<\/a><\/span><div class=\"clear\"><\/div><\/div><div id=\"statistics\"><div class=\"title-element title-element-dark\"><span class=\"title-element-icon fas fa-chart-pie\"><\/span>Statistics<\/div><div id=\"statistics-body\"><div id=\"statistics-elements\"><div class=\"statistics-element\"><div class=\"element-number\"><span class=\"statistics-element-icon far fa-comments\"><\/span>10<\/div><div class=\"element-name\">Topics<\/div><\/div><div class=\"statistics-element\"><div class=\"element-number\"><span class=\"statistics-element-icon far fa-comment\"><\/span>10<\/div><div class=\"element-name\">Posts<\/div><\/div><div class=\"statistics-element\"><div class=\"element-number\"><span class=\"statistics-element-icon far fa-eye\"><\/span>414<\/div><div class=\"element-name\">Views<\/div><\/div><div class=\"statistics-element\"><div class=\"element-number\"><span class=\"statistics-element-icon far fa-user\"><\/span>13,812<\/div><div class=\"element-name\">Users<\/div><\/div><div class=\"statistics-element\"><div class=\"element-number\"><span class=\"statistics-element-icon far fa-lightbulb\"><\/span>0<\/div><div class=\"element-name\">Online<\/div><\/div><\/div><div id=\"statistics-online-users\"><span class=\"online-users-icon fas fa-user\"><\/span>Newest Member:&nbsp;<i><a class=\"profile-link highlight-default\" href=\"https:\/\/cabinetfrancoisserres.com\/en\/forum\/profil\/kontent_rupa\/\">K_jlpaO K_cfpaO<\/a><\/i>&nbsp;&middot;&nbsp;<span class=\"online-users-icon fas fa-users\"><\/span><i>Currently nobody is online.<\/i><\/div><\/div><div class=\"clear\"><\/div><\/div><div id=\"bottom-navigation\"><\/div><div class=\"clear\"><\/div><\/div> <\/div>\n\t\t\t\t\t\t<\/div>\n\t\t\t\t<\/div>\n\t\t\t\t\t<\/div>\n\t\t<\/div>\n\t\t\t\t\t<\/div>\n\t\t<\/section>\n\t\t\t\t<\/div>","protected":false},"excerpt":{"rendered":"<p>Accueil Expertise Nos experts Attestations Partenariats Public-Priv\u00e9s PPP infrastructures PPP \u00e9nergie March\u00e9s Publics Zones \u00c9conomiques Sp\u00e9ciales Agropoles Forum Contact Accueil Expertise Nos experts Attestations Partenariats Public-Priv\u00e9s PPP infrastructures PPP \u00e9nergie&hellip;<\/p>","protected":false},"author":1,"featured_media":0,"parent":0,"menu_order":0,"comment_status":"closed","ping_status":"closed","template":"elementor_canvas","meta":{"footnotes":""},"class_list":["post-10045","page","type-page","status-publish","hentry"],"jetpack_sharing_enabled":true,"_links":{"self":[{"href":"https:\/\/cabinetfrancoisserres.com\/en\/wp-json\/wp\/v2\/pages\/10045","targetHints":{"allow":["GET"]}}],"collection":[{"href":"https:\/\/cabinetfrancoisserres.com\/en\/wp-json\/wp\/v2\/pages"}],"about":[{"href":"https:\/\/cabinetfrancoisserres.com\/en\/wp-json\/wp\/v2\/types\/page"}],"author":[{"embeddable":true,"href":"https:\/\/cabinetfrancoisserres.com\/en\/wp-json\/wp\/v2\/users\/1"}],"replies":[{"embeddable":true,"href":"https:\/\/cabinetfrancoisserres.com\/en\/wp-json\/wp\/v2\/comments?post=10045"}],"version-history":[{"count":5,"href":"https:\/\/cabinetfrancoisserres.com\/en\/wp-json\/wp\/v2\/pages\/10045\/revisions"}],"predecessor-version":[{"id":13219,"href":"https:\/\/cabinetfrancoisserres.com\/en\/wp-json\/wp\/v2\/pages\/10045\/revisions\/13219"}],"wp:attachment":[{"href":"https:\/\/cabinetfrancoisserres.com\/en\/wp-json\/wp\/v2\/media?parent=10045"}],"curies":[{"name":"wp","href":"https:\/\/api.w.org\/{rel}","templated":true}]}}